{"id":12296,"date":"2026-04-04T11:37:58","date_gmt":"2026-04-04T11:37:58","guid":{"rendered":"https:\/\/uzzo.com.tr\/?page_id=12296"},"modified":"2026-04-09T07:25:16","modified_gmt":"2026-04-09T07:25:16","slug":"uretim-onaylarimiz","status":"publish","type":"page","link":"https:\/\/uzzo.com.tr\/en\/uretim-onaylarimiz\/","title":{"rendered":"\u00dcretim Onaylar\u0131m\u0131z"},"content":{"rendered":"<div data-elementor-type=\"wp-page\" data-elementor-id=\"12296\" class=\"elementor elementor-12296\">\n\t\t\t\t<div class=\"elementor-element elementor-element-9d062f0 e-flex e-con-boxed e-con e-parent\" data-id=\"9d062f0\" data-element_type=\"container\" data-e-type=\"container\">\n\t\t\t\t\t<div class=\"e-con-inner\">\n\t\t<div class=\"elementor-element elementor-element-9bbeeb8 e-con-full e-flex e-con e-child\" data-id=\"9bbeeb8\" data-element_type=\"container\" data-e-type=\"container\">\n\t\t\t\t<div class=\"elementor-element elementor-element-a68f6b4 elementor-widget elementor-widget-image\" data-id=\"a68f6b4\" data-element_type=\"widget\" data-e-type=\"widget\" data-widget_type=\"image.default\">\n\t\t\t\t\t\t\t\t\t\t\t\t\t\t\t<img fetchpriority=\"high\" decoding=\"async\" width=\"640\" height=\"905\" src=\"https:\/\/uzzo.com.tr\/wp-content\/uploads\/2026\/04\/TM_2025055733_250790056_Marka_basvurusu-2-724x1024.jpg\" class=\"attachment-large size-large wp-image-12374\" alt=\"\" srcset=\"https:\/\/uzzo.com.tr\/wp-content\/uploads\/2026\/04\/TM_2025055733_250790056_Marka_basvurusu-2-724x1024.jpg 724w, https:\/\/uzzo.com.tr\/wp-content\/uploads\/2026\/04\/TM_2025055733_250790056_Marka_basvurusu-2-212x300.jpg 212w, https:\/\/uzzo.com.tr\/wp-content\/uploads\/2026\/04\/TM_2025055733_250790056_Marka_basvurusu-2-768x1087.jpg 768w, https:\/\/uzzo.com.tr\/wp-content\/uploads\/2026\/04\/TM_2025055733_250790056_Marka_basvurusu-2-1086x1536.jpg 1086w, https:\/\/uzzo.com.tr\/wp-content\/uploads\/2026\/04\/TM_2025055733_250790056_Marka_basvurusu-2-1447x2048.jpg 1447w, https:\/\/uzzo.com.tr\/wp-content\/uploads\/2026\/04\/TM_2025055733_250790056_Marka_basvurusu-2-600x849.jpg 600w, https:\/\/uzzo.com.tr\/wp-content\/uploads\/2026\/04\/TM_2025055733_250790056_Marka_basvurusu-2.jpg 1653w\" sizes=\"(max-width: 640px) 100vw, 640px\" \/>\t\t\t\t\t\t\t\t\t\t\t\t\t\t\t<\/div>\n\t\t\t\t<\/div>\n\t\t<div class=\"elementor-element elementor-element-a65f13b e-con-full e-flex e-con e-child\" data-id=\"a65f13b\" data-element_type=\"container\" data-e-type=\"container\">\n\t\t\t\t<div class=\"elementor-element elementor-element-48832c4 elementor-widget elementor-widget-image\" data-id=\"48832c4\" data-element_type=\"widget\" data-e-type=\"widget\" data-widget_type=\"image.default\">\n\t\t\t\t\t\t\t\t\t\t\t\t\t\t\t<img decoding=\"async\" width=\"640\" height=\"829\" src=\"https:\/\/uzzo.com.tr\/wp-content\/uploads\/2026\/04\/TM_2025055733_250790056_Marka_basvurusu-1-791x1024.jpg\" class=\"attachment-large size-large wp-image-12373\" alt=\"\" srcset=\"https:\/\/uzzo.com.tr\/wp-content\/uploads\/2026\/04\/TM_2025055733_250790056_Marka_basvurusu-1-791x1024.jpg 791w, https:\/\/uzzo.com.tr\/wp-content\/uploads\/2026\/04\/TM_2025055733_250790056_Marka_basvurusu-1-232x300.jpg 232w, https:\/\/uzzo.com.tr\/wp-content\/uploads\/2026\/04\/TM_2025055733_250790056_Marka_basvurusu-1-768x994.jpg 768w, https:\/\/uzzo.com.tr\/wp-content\/uploads\/2026\/04\/TM_2025055733_250790056_Marka_basvurusu-1-1187x1536.jpg 1187w, https:\/\/uzzo.com.tr\/wp-content\/uploads\/2026\/04\/TM_2025055733_250790056_Marka_basvurusu-1-1583x2048.jpg 1583w, https:\/\/uzzo.com.tr\/wp-content\/uploads\/2026\/04\/TM_2025055733_250790056_Marka_basvurusu-1-600x776.jpg 600w, https:\/\/uzzo.com.tr\/wp-content\/uploads\/2026\/04\/TM_2025055733_250790056_Marka_basvurusu-1.jpg 1700w\" sizes=\"(max-width: 640px) 100vw, 640px\" \/>\t\t\t\t\t\t\t\t\t\t\t\t\t\t\t<\/div>\n\t\t\t\t<\/div>\n\t\t<div class=\"elementor-element elementor-element-ac9c71c e-con-full e-flex e-con e-child\" data-id=\"ac9c71c\" data-element_type=\"container\" data-e-type=\"container\">\n\t\t\t\t<div class=\"elementor-element elementor-element-7ef8eeb elementor-widget elementor-widget-image\" data-id=\"7ef8eeb\" data-element_type=\"widget\" data-e-type=\"widget\" data-widget_type=\"image.default\">\n\t\t\t\t\t\t\t\t\t\t\t\t\t\t\t<img decoding=\"async\" width=\"640\" height=\"905\" src=\"https:\/\/uzzo.com.tr\/wp-content\/uploads\/2026\/04\/ustyazi-1-1-724x1024.jpg\" class=\"attachment-large size-large wp-image-12376\" alt=\"\" srcset=\"https:\/\/uzzo.com.tr\/wp-content\/uploads\/2026\/04\/ustyazi-1-1-724x1024.jpg 724w, https:\/\/uzzo.com.tr\/wp-content\/uploads\/2026\/04\/ustyazi-1-1-212x300.jpg 212w, https:\/\/uzzo.com.tr\/wp-content\/uploads\/2026\/04\/ustyazi-1-1-768x1086.jpg 768w, https:\/\/uzzo.com.tr\/wp-content\/uploads\/2026\/04\/ustyazi-1-1-1086x1536.jpg 1086w, https:\/\/uzzo.com.tr\/wp-content\/uploads\/2026\/04\/ustyazi-1-1-1448x2048.jpg 1448w, https:\/\/uzzo.com.tr\/wp-content\/uploads\/2026\/04\/ustyazi-1-1-600x848.jpg 600w, https:\/\/uzzo.com.tr\/wp-content\/uploads\/2026\/04\/ustyazi-1-1.jpg 1654w\" sizes=\"(max-width: 640px) 100vw, 640px\" \/>\t\t\t\t\t\t\t\t\t\t\t\t\t\t\t<\/div>\n\t\t\t\t<\/div>\n\t\t<div class=\"elementor-element elementor-element-6712e94 e-con-full e-flex e-con e-child\" data-id=\"6712e94\" data-element_type=\"container\" data-e-type=\"container\">\n\t\t\t\t<div class=\"elementor-element elementor-element-1258902 elementor-widget elementor-widget-image\" data-id=\"1258902\" data-element_type=\"widget\" data-e-type=\"widget\" data-widget_type=\"image.default\">\n\t\t\t\t\t\t\t\t\t\t\t\t\t\t\t<img loading=\"lazy\" decoding=\"async\" width=\"640\" height=\"905\" src=\"https:\/\/uzzo.com.tr\/wp-content\/uploads\/2026\/04\/TM_2025055733_250790056_Marka_basvurusu-3-724x1024.jpg\" class=\"attachment-large size-large wp-image-12375\" alt=\"\" srcset=\"https:\/\/uzzo.com.tr\/wp-content\/uploads\/2026\/04\/TM_2025055733_250790056_Marka_basvurusu-3-724x1024.jpg 724w, https:\/\/uzzo.com.tr\/wp-content\/uploads\/2026\/04\/TM_2025055733_250790056_Marka_basvurusu-3-212x300.jpg 212w, https:\/\/uzzo.com.tr\/wp-content\/uploads\/2026\/04\/TM_2025055733_250790056_Marka_basvurusu-3-768x1087.jpg 768w, https:\/\/uzzo.com.tr\/wp-content\/uploads\/2026\/04\/TM_2025055733_250790056_Marka_basvurusu-3-1086x1536.jpg 1086w, https:\/\/uzzo.com.tr\/wp-content\/uploads\/2026\/04\/TM_2025055733_250790056_Marka_basvurusu-3-1447x2048.jpg 1447w, https:\/\/uzzo.com.tr\/wp-content\/uploads\/2026\/04\/TM_2025055733_250790056_Marka_basvurusu-3-600x849.jpg 600w, https:\/\/uzzo.com.tr\/wp-content\/uploads\/2026\/04\/TM_2025055733_250790056_Marka_basvurusu-3.jpg 1653w\" sizes=\"(max-width: 640px) 100vw, 640px\" \/>\t\t\t\t\t\t\t\t\t\t\t\t\t\t\t<\/div>\n\t\t\t\t<\/div>\n\t\t\t\t\t<\/div>\n\t\t\t\t<\/div>\n\t\t\t\t<\/div>","protected":false},"excerpt":{"rendered":"","protected":false},"author":1,"featured_media":0,"parent":0,"menu_order":0,"comment_status":"closed","ping_status":"closed","template":"","meta":{"footnotes":""},"class_list":["post-12296","page","type-page","status-publish","hentry"],"_links":{"self":[{"href":"https:\/\/uzzo.com.tr\/en\/wp-json\/wp\/v2\/pages\/12296","targetHints":{"allow":["GET"]}}],"collection":[{"href":"https:\/\/uzzo.com.tr\/en\/wp-json\/wp\/v2\/pages"}],"about":[{"href":"https:\/\/uzzo.com.tr\/en\/wp-json\/wp\/v2\/types\/page"}],"author":[{"embeddable":true,"href":"https:\/\/uzzo.com.tr\/en\/wp-json\/wp\/v2\/users\/1"}],"replies":[{"embeddable":true,"href":"https:\/\/uzzo.com.tr\/en\/wp-json\/wp\/v2\/comments?post=12296"}],"version-history":[{"count":10,"href":"https:\/\/uzzo.com.tr\/en\/wp-json\/wp\/v2\/pages\/12296\/revisions"}],"predecessor-version":[{"id":12382,"href":"https:\/\/uzzo.com.tr\/en\/wp-json\/wp\/v2\/pages\/12296\/revisions\/12382"}],"wp:attachment":[{"href":"https:\/\/uzzo.com.tr\/en\/wp-json\/wp\/v2\/media?parent=12296"}],"curies":[{"name":"wp","href":"https:\/\/api.w.org\/{rel}","templated":true}]}}