{"id":12443,"date":"2026-04-15T08:44:44","date_gmt":"2026-04-15T08:44:44","guid":{"rendered":"https:\/\/uzzo.com.tr\/?page_id=12443"},"modified":"2026-04-15T08:44:59","modified_gmt":"2026-04-15T08:44:59","slug":"iptal-ve-iade-kosullari","status":"publish","type":"page","link":"https:\/\/uzzo.com.tr\/en\/iptal-ve-iade-kosullari\/","title":{"rendered":"\u0130PTAL VE \u0130ADE KO\u015eULLARI"},"content":{"rendered":"<h2 data-section-id=\"2j9uud\" data-start=\"3323\" data-end=\"3343\">1. Sipari\u015f \u0130ptali<\/h2>\n<p data-start=\"3344\" data-end=\"3483\">Al\u0131c\u0131, sipari\u015fini kargoya verilmeden \u00f6nce iptal etme hakk\u0131na sahiptir. Kargoya teslim edilen sipari\u015fler iptal kapsam\u0131nda de\u011ferlendirilemez.<\/p>\n<h2 data-section-id=\"1lduqji\" data-start=\"3485\" data-end=\"3504\">2. \u0130ade \u015eartlar\u0131<\/h2>\n<p data-start=\"3505\" data-end=\"3698\">\u0130ade i\u015flemleri, yasal mevzuat ve \u00fcr\u00fcn\u00fcn niteli\u011fi dikkate al\u0131narak ger\u00e7ekle\u015ftirilir. Takviye edici g\u0131da kategorisindeki \u00fcr\u00fcnlerde hijyen ve sa\u011fl\u0131k gerek\u00e7eleriyle baz\u0131 k\u0131s\u0131tlamalar uygulanabilir.<\/p>\n<p data-start=\"3700\" data-end=\"3721\">\u0130ade edilecek \u00fcr\u00fcn\u00fcn:<\/p>\n<ul data-start=\"3722\" data-end=\"3811\">\n<li data-section-id=\"gdiwcc\" data-start=\"3722\" data-end=\"3735\">A\u00e7\u0131lmam\u0131\u015f<\/li>\n<li data-section-id=\"18uysrv\" data-start=\"3736\" data-end=\"3753\">Kullan\u0131lmam\u0131\u015f<\/li>\n<li data-section-id=\"1ll71r\" data-start=\"3754\" data-end=\"3811\">Orijinal ambalaj\u0131n\u0131n bozulmam\u0131\u015f olmas\u0131<br data-start=\"3794\" data-end=\"3797\" \/>gerekmektedir.<\/li>\n<\/ul>\n<h2 data-section-id=\"55bybe\" data-start=\"3813\" data-end=\"3830\">3. \u0130ade S\u00fcreci<\/h2>\n<p data-start=\"3831\" data-end=\"3935\">\u0130ade talebi Sat\u0131c\u0131\u2019ya iletildikten sonra \u00fcr\u00fcn incelenir. Uygun bulunmas\u0131 halinde iade s\u00fcreci ba\u015flat\u0131l\u0131r.<\/p>\n<h2 data-section-id=\"16pi1tl\" data-start=\"3937\" data-end=\"3953\">4. Geri \u00d6deme<\/h2>\n<p data-start=\"3954\" data-end=\"4112\">Onaylanan iadelerde, \u00f6deme m\u00fc\u015fteriye sat\u0131n alma s\u0131ras\u0131nda kullan\u0131lan y\u00f6ntemle iade edilir. Banka s\u00fcre\u00e7lerine ba\u011fl\u0131 olarak iade s\u00fcresi de\u011fi\u015fiklik g\u00f6sterebilir.<\/p>","protected":false},"excerpt":{"rendered":"<p>1. Sipari\u015f \u0130ptali Al\u0131c\u0131, sipari\u015fini kargoya verilmeden \u00f6nce iptal etme hakk\u0131na sahiptir. Kargoya teslim edilen sipari\u015fler iptal kapsam\u0131nda de\u011ferlendirilemez. 2. \u0130ade \u015eartlar\u0131 \u0130ade i\u015flemleri, yasal mevzuat ve \u00fcr\u00fcn\u00fcn niteli\u011fi dikkate al\u0131narak ger\u00e7ekle\u015ftirilir. Takviye edici g\u0131da kategorisindeki \u00fcr\u00fcnlerde hijyen ve sa\u011fl\u0131k gerek\u00e7eleriyle baz\u0131 k\u0131s\u0131tlamalar uygulanabilir. \u0130ade edilecek \u00fcr\u00fcn\u00fcn: A\u00e7\u0131lmam\u0131\u015f Kullan\u0131lmam\u0131\u015f Orijinal ambalaj\u0131n\u0131n bozulmam\u0131\u015f olmas\u0131gerekmektedir. 3. \u0130ade [&hellip;]<\/p>\n","protected":false},"author":1,"featured_media":0,"parent":0,"menu_order":0,"comment_status":"closed","ping_status":"closed","template":"","meta":{"footnotes":""},"class_list":["post-12443","page","type-page","status-publish","hentry"],"jetpack_sharing_enabled":true,"_links":{"self":[{"href":"https:\/\/uzzo.com.tr\/en\/wp-json\/wp\/v2\/pages\/12443","targetHints":{"allow":["GET"]}}],"collection":[{"href":"https:\/\/uzzo.com.tr\/en\/wp-json\/wp\/v2\/pages"}],"about":[{"href":"https:\/\/uzzo.com.tr\/en\/wp-json\/wp\/v2\/types\/page"}],"author":[{"embeddable":true,"href":"https:\/\/uzzo.com.tr\/en\/wp-json\/wp\/v2\/users\/1"}],"replies":[{"embeddable":true,"href":"https:\/\/uzzo.com.tr\/en\/wp-json\/wp\/v2\/comments?post=12443"}],"version-history":[{"count":2,"href":"https:\/\/uzzo.com.tr\/en\/wp-json\/wp\/v2\/pages\/12443\/revisions"}],"predecessor-version":[{"id":12446,"href":"https:\/\/uzzo.com.tr\/en\/wp-json\/wp\/v2\/pages\/12443\/revisions\/12446"}],"wp:attachment":[{"href":"https:\/\/uzzo.com.tr\/en\/wp-json\/wp\/v2\/media?parent=12443"}],"curies":[{"name":"wp","href":"https:\/\/api.w.org\/{rel}","templated":true}]}}