{"id":3787,"date":"2024-08-06T20:10:57","date_gmt":"2024-08-06T20:10:57","guid":{"rendered":"https:\/\/fitrush.bzotech.com\/?page_id=3787"},"modified":"2026-04-14T13:23:03","modified_gmt":"2026-04-14T13:23:03","slug":"hakkimizda","status":"publish","type":"page","link":"https:\/\/uzzo.com.tr\/en\/hakkimizda\/","title":{"rendered":"Hakk\u0131m\u0131zda"},"content":{"rendered":"<div data-elementor-type=\"wp-page\" data-elementor-id=\"3787\" class=\"elementor elementor-3787\">\n\t\t\t\t<div class=\"elementor-element elementor-element-6c8b63d e-flex e-con-boxed e-con e-parent\" data-id=\"6c8b63d\" data-element_type=\"container\" data-e-type=\"container\">\n\t\t\t\t\t<div class=\"e-con-inner\">\n\t\t<div class=\"elementor-element elementor-element-162185a e-con-full e-flex e-con e-child\" data-id=\"162185a\" data-element_type=\"container\" data-e-type=\"container\">\n\t\t\t\t<div class=\"elementor-element elementor-element-c70dfb7 elementor-widget elementor-widget-bzotech-breadcrumb-global\" data-id=\"c70dfb7\" data-element_type=\"widget\" data-e-type=\"widget\" data-widget_type=\"bzotech-breadcrumb-global.default\">\n\t\t\t\t<div class=\"elementor-widget-container\">\n\t\t\t\t\t<div class=\"elbzotech-bread-crumb-global bread-crumb-global-\">\r\n\t<div class=\"elbzotech-bread-crumb-global__content container-flex-e flex-wrapper\">\r\n\t\t<a class=\"bread-crumb-e\" href=\"https:\/\/uzzo.com.tr\/en\/\">Home<\/a>\t<\/div>\r\n<\/div>\t\t\t\t<\/div>\n\t\t\t\t<\/div>\n\t\t\t\t<\/div>\n\t\t\t\t\t<\/div>\n\t\t\t\t<\/div>\n\t\t<div class=\"elementor-element elementor-element-6aec794 e-flex e-con-boxed e-con e-parent\" data-id=\"6aec794\" data-element_type=\"container\" data-e-type=\"container\">\n\t\t\t\t\t<div class=\"e-con-inner\">\n\t\t<div class=\"elementor-element elementor-element-a5f3cce e-con-full e-flex e-con e-child\" data-id=\"a5f3cce\" data-element_type=\"container\" data-e-type=\"container\">\n\t\t\t\t<div class=\"elementor-element elementor-element-f7e4080 elementor-widget elementor-widget-bzotech-heading-global\" data-id=\"f7e4080\" data-element_type=\"widget\" data-e-type=\"widget\" data-widget_type=\"bzotech-heading-global.default\">\n\t\t\t\t<div class=\"elementor-widget-container\">\n\t\t\t\t\t<h2 class=\"container-flex-e elbzotech-heading-global font-title text-css-e font-semibold  title48 color-title elbzotech-heading-global-style1\">G\u00fcc\u00fcn\u00fc ve Odaklanman\u0131 Hemen Ke\u015ffet \u2013 UZZO\u00ae\ufe0f<span class=\"type-title_shadow\"><\/span><\/h2>\t\t\t\t<\/div>\n\t\t\t\t<\/div>\n\t\t\t\t<div class=\"elementor-element elementor-element-4d91edd elementor-widget elementor-widget-bzotech-heading-global\" data-id=\"4d91edd\" data-element_type=\"widget\" data-e-type=\"widget\" data-widget_type=\"bzotech-heading-global.default\">\n\t\t\t\t<div class=\"elementor-widget-container\">\n\t\t\t\t\t<h2 class=\"container-flex-e elbzotech-heading-global font-title text-css-e font-semibold  title48 color-title elbzotech-heading-global-style1\">UZZO\u00ae\ufe0f olarak, aktif ya\u015fam tarz\u0131n\u0131 benimseyen ve performans\u0131n\u0131 her g\u00fcn bir ad\u0131m ileri ta\u015f\u0131mak isteyenler i\u00e7in \u00f6zel olarak geli\u015ftirilmi\u015f bir takviye \u00fcr\u00fcn sunuyoruz. Modern ya\u015fam\u0131n yo\u011fun temposunda; enerji, odak ve dayan\u0131kl\u0131l\u0131k ihtiyac\u0131n\u0131 desteklemek amac\u0131yla form\u00fcle edilen \u00fcr\u00fcn\u00fcm\u00fcz, bilimsel yakla\u015f\u0131mlar ve kaliteli i\u00e7eriklerle haz\u0131rlanm\u0131\u015ft\u0131r.\n<span class=\"type-title_shadow\"><\/span><\/h2>\t\t\t\t<\/div>\n\t\t\t\t<\/div>\n\t\t\t\t<div class=\"elementor-element elementor-element-a2e9a69 elementor-widget elementor-widget-bzotech-heading-global\" data-id=\"a2e9a69\" data-element_type=\"widget\" data-e-type=\"widget\" data-widget_type=\"bzotech-heading-global.default\">\n\t\t\t\t<div class=\"elementor-widget-container\">\n\t\t\t\t\t<div class=\"elbzotech-text-editor-global text-css-e\"><p>\u0130\u00e7eri\u011fimizde yer alan Lepidyum Ekstresi, Kafein, Kore Ginsengi ile vitamin ve mineraller; antrenman \u00f6ncesi ya da g\u00fcn i\u00e7inde ihtiya\u00e7 duydu\u011funuz enerjiyi ve konsantrasyonu desteklemeye yard\u0131mc\u0131 olur. UZZO\u00ae\ufe0f, spor performans\u0131n\u0131z\u0131 art\u0131rmay\u0131 hedeflerken ayn\u0131 zamanda g\u00fcnl\u00fck ya\u015fam kalitenize de katk\u0131 sa\u011flamay\u0131 ama\u00e7lar.<\/p><\/div>\t\t\t\t<\/div>\n\t\t\t\t<\/div>\n\t\t\t\t<div class=\"elementor-element elementor-element-52c5a15 elementor-widget elementor-widget-bzotech-heading-global\" data-id=\"52c5a15\" data-element_type=\"widget\" data-e-type=\"widget\" data-widget_type=\"bzotech-heading-global.default\">\n\t\t\t\t<div class=\"elementor-widget-container\">\n\t\t\t\t\t<div class=\"elbzotech-text-editor-global text-css-e\"><p>\u00dcretim ve kalite s\u00fcre\u00e7lerimiz, ilgili mevzuatlara uygun \u015fekilde titizlikle y\u00fcr\u00fct\u00fclmektedir. \u00dcr\u00fcn\u00fcm\u00fcz, T\u00fcrkiye\u2019de ge\u00e7erli yasal d\u00fczenlemeler \u00e7er\u00e7evesinde kay\u0131tl\u0131 olup gerekli denetimlerden ge\u00e7mektedir. G\u00fcvenilirlik, \u015feffafl\u0131k ve kalite; markam\u0131z\u0131n temel de\u011ferlerini olu\u015fturur.<\/p><\/div>\t\t\t\t<\/div>\n\t\t\t\t<\/div>\n\t\t\t\t<\/div>\n\t\t<div class=\"elementor-element elementor-element-3ed9b30 e-con-full e-flex e-con e-child\" data-id=\"3ed9b30\" data-element_type=\"container\" data-e-type=\"container\">\n\t\t\t\t<div class=\"elementor-element elementor-element-5696684 elementor-widget elementor-widget-bzotech-banner-info-global\" data-id=\"5696684\" data-element_type=\"widget\" data-e-type=\"widget\" data-widget_type=\"bzotech-banner-info-global.default\">\n\t\t\t\t<div class=\"elementor-widget-container\">\n\t\t\t\t\t<div class=\"elbzotech-banner-info-global-wrap elbzotech-banner-info-global-elbzotech-bndf zoom-image elbzotech-hidden wrap-flex-e-elbzotech-info-inner\" >\r\n\t\t\t<div class=\"elbzotech-banner-info-global-thumb zoom-image elbzotech-hidden\" >\r\n\t\t\t<a class=\"adv-thumb-link  elementor-animation-\" rel=\"nofollow\" role=\"button\" >\r\n\t\t\t\t\t\t\t\t\t\t\t\t<img fetchpriority=\"high\" decoding=\"async\" width=\"1080\" height=\"1440\" src=\"https:\/\/uzzo.com.tr\/wp-content\/uploads\/2026\/04\/Adsiz-tasarim.png\" class=\"attachment-full size-full wp-image-12322\" alt=\"\" srcset=\"https:\/\/uzzo.com.tr\/wp-content\/uploads\/2026\/04\/Adsiz-tasarim.png 1080w, https:\/\/uzzo.com.tr\/wp-content\/uploads\/2026\/04\/Adsiz-tasarim-225x300.png 225w, https:\/\/uzzo.com.tr\/wp-content\/uploads\/2026\/04\/Adsiz-tasarim-768x1024.png 768w, https:\/\/uzzo.com.tr\/wp-content\/uploads\/2026\/04\/Adsiz-tasarim-600x800.png 600w\" sizes=\"(max-width: 1080px) 100vw, 1080px\" \/>\t\t\t\t\t\t\t<\/a>\r\n\t\t<\/div>\r\n\t<\/div>\t\t\t\t<\/div>\n\t\t\t\t<\/div>\n\t\t\t\t<\/div>\n\t\t\t\t\t<\/div>\n\t\t\t\t<\/div>\n\t\t<div class=\"elementor-element elementor-element-ff5976d e-flex e-con-boxed e-con e-parent\" data-id=\"ff5976d\" data-element_type=\"container\" data-e-type=\"container\">\n\t\t\t\t\t<div class=\"e-con-inner\">\n\t\t<div class=\"elementor-element elementor-element-af132de e-con-full e-flex e-con e-child\" data-id=\"af132de\" data-element_type=\"container\" data-e-type=\"container\">\n\t\t\t\t<div class=\"elementor-element elementor-element-be87d7a elementor-widget elementor-widget-bzotech-heading-global\" data-id=\"be87d7a\" data-element_type=\"widget\" data-e-type=\"widget\" data-widget_type=\"bzotech-heading-global.default\">\n\t\t\t\t<div class=\"elementor-widget-container\">\n\t\t\t\t\t<div class=\"elbzotech-text-editor-global text-css-e\"><svg xmlns=\"http:\/\/www.w3.org\/2000\/svg\" width=\"78\" height=\"58\" viewbox=\"0 0 78 58\" fill=\"none\">\n<path d=\"M0 58L15.8359 23.7118L17.689 35.3118C14.432 35.3118 11.4557 34.5157 8.76026 32.9235C6.0648 31.3314 3.93089 29.2275 2.35853 26.6118C0.786177 23.8824 0 20.8686 0 17.5706C0 14.3863 0.786177 11.4863 2.35853 8.87059C3.93089 6.14118 6.0648 3.98039 8.76026 2.38824C11.4557 0.796079 14.432 0 17.689 0C21.0583 0 24.0346 0.796079 26.6177 2.38824C29.3132 3.98039 31.4471 6.14118 33.0194 8.87059C34.7041 11.6 35.5464 14.6706 35.5464 18.0824C35.5464 21.1529 34.8164 24.5078 33.3564 28.1471C31.8963 31.7863 29.3132 36.3922 25.6069 41.9647L15.3305 58H0ZM42.4536 58L58.2894 23.7118L60.1425 35.3118C56.8855 35.3118 53.9093 34.5157 51.2138 32.9235C48.5184 31.3314 46.3844 29.2275 44.8121 26.6118C43.2397 23.8824 42.4536 20.8686 42.4536 17.5706C42.4536 14.3863 43.2397 11.4863 44.8121 8.87059C46.3844 6.14118 48.5184 3.98039 51.2138 2.38824C53.9093 0.796079 56.8855 0 60.1425 0C63.5119 0 66.4881 0.796079 69.0713 2.38824C71.7667 3.98039 73.9007 6.14118 75.473 8.87059C77.1577 11.6 78 14.6706 78 18.0824C78 21.1529 77.27 24.5078 75.8099 28.1471C74.3499 31.7863 71.7667 36.3922 68.0605 41.9647L57.784 58H42.4536Z\" fill=\"#FF3D00\"\/>\n<\/svg><\/div>\t\t\t\t<\/div>\n\t\t\t\t<\/div>\n\t\t\t\t<div class=\"elementor-element elementor-element-9242328 elementor-widget elementor-widget-bzotech-heading-global\" data-id=\"9242328\" data-element_type=\"widget\" data-e-type=\"widget\" data-widget_type=\"bzotech-heading-global.default\">\n\t\t\t\t<div class=\"elementor-widget-container\">\n\t\t\t\t\t<h2 class=\"container-flex-e elbzotech-heading-global font-title text-css-e font-semibold  title48 color-title elbzotech-heading-global-style1\">Performans\u0131n\u0131 Erteleme, UZZO\u00ae\ufe0f Yan\u0131nda<span class=\"type-title_shadow\"><\/span><\/h2>\t\t\t\t<\/div>\n\t\t\t\t<\/div>\n\t\t\t\t<\/div>\n\t\t<div class=\"elementor-element elementor-element-7c0d8a1 e-con-full e-flex e-con e-child\" data-id=\"7c0d8a1\" data-element_type=\"container\" data-e-type=\"container\">\n\t\t\t\t<div class=\"elementor-element elementor-element-a039e6b elementor-widget elementor-widget-bzotech-banner-info-global\" data-id=\"a039e6b\" data-element_type=\"widget\" data-e-type=\"widget\" data-widget_type=\"bzotech-banner-info-global.default\">\n\t\t\t\t<div class=\"elementor-widget-container\">\n\t\t\t\t\t<div class=\"elbzotech-banner-info-global-wrap elbzotech-banner-info-global-elbzotech-bndf zoom-image elbzotech-hidden wrap-flex-e-elbzotech-info-inner\" >\r\n\t\t\t<div class=\"elbzotech-banner-info-global-thumb zoom-image elbzotech-hidden\" >\r\n\t\t\t<a class=\"adv-thumb-link  elementor-animation-\" rel=\"nofollow\" role=\"button\" >\r\n\t\t\t\t\t\t\t\t\t\t\t\t<img decoding=\"async\" width=\"896\" height=\"1089\" src=\"https:\/\/uzzo.com.tr\/wp-content\/uploads\/2026\/04\/WhatsApp-Image-2026-04-06-at-11.07.10-1.jpeg\" class=\"attachment-full size-full wp-image-12348\" alt=\"\" srcset=\"https:\/\/uzzo.com.tr\/wp-content\/uploads\/2026\/04\/WhatsApp-Image-2026-04-06-at-11.07.10-1.jpeg 896w, https:\/\/uzzo.com.tr\/wp-content\/uploads\/2026\/04\/WhatsApp-Image-2026-04-06-at-11.07.10-1-247x300.jpeg 247w, https:\/\/uzzo.com.tr\/wp-content\/uploads\/2026\/04\/WhatsApp-Image-2026-04-06-at-11.07.10-1-843x1024.jpeg 843w, https:\/\/uzzo.com.tr\/wp-content\/uploads\/2026\/04\/WhatsApp-Image-2026-04-06-at-11.07.10-1-768x933.jpeg 768w, https:\/\/uzzo.com.tr\/wp-content\/uploads\/2026\/04\/WhatsApp-Image-2026-04-06-at-11.07.10-1-600x729.jpeg 600w\" sizes=\"(max-width: 896px) 100vw, 896px\" \/>\t\t\t\t\t\t\t<\/a>\r\n\t\t<\/div>\r\n\t<\/div>\t\t\t\t<\/div>\n\t\t\t\t<\/div>\n\t\t\t\t<\/div>\n\t\t\t\t\t<\/div>\n\t\t\t\t<\/div>\n\t\t<div class=\"elementor-element elementor-element-056c87f e-flex e-con-boxed e-con e-parent\" data-id=\"056c87f\" data-element_type=\"container\" data-e-type=\"container\" data-settings=\"{&quot;background_background&quot;:&quot;classic&quot;}\">\n\t\t\t\t\t<div class=\"e-con-inner\">\n\t\t<div class=\"elementor-element elementor-element-b3aa00a e-con-full e-flex e-con e-child\" data-id=\"b3aa00a\" data-element_type=\"container\" data-e-type=\"container\">\n\t\t\t\t<div class=\"elementor-element elementor-element-24ce533 elementor-widget elementor-widget-bzotech-logo-global\" data-id=\"24ce533\" data-element_type=\"widget\" data-e-type=\"widget\" data-widget_type=\"bzotech-logo-global.default\">\n\t\t\t\t<div class=\"elementor-widget-container\">\n\t\t\t\t\t\t<div class=\"elbzotech-logo-global-style-image\">\r\n\t\t<a href=\"https:\/\/uzzo.com.tr\/en\/\">\r\n\t\t<img decoding=\"async\" width=\"338\" height=\"74\" src=\"https:\/\/uzzo.com.tr\/wp-content\/uploads\/2024\/07\/Uzzo-Logo-Site.png\" class=\"attachment-full size-full wp-image-12316\" alt=\"\" srcset=\"https:\/\/uzzo.com.tr\/wp-content\/uploads\/2024\/07\/Uzzo-Logo-Site.png 338w, https:\/\/uzzo.com.tr\/wp-content\/uploads\/2024\/07\/Uzzo-Logo-Site-300x66.png 300w\" sizes=\"(max-width: 338px) 100vw, 338px\" \/>\t\t<\/a>\r\n\t<\/div>\r\n\t\t\t\t\t<\/div>\n\t\t\t\t<\/div>\n\t\t\t\t<div class=\"elementor-element elementor-element-0828614 elementor-widget elementor-widget-bzotech-heading-global\" data-id=\"0828614\" data-element_type=\"widget\" data-e-type=\"widget\" data-widget_type=\"bzotech-heading-global.default\">\n\t\t\t\t<div class=\"elementor-widget-container\">\n\t\t\t\t\t<h2 class=\"container-flex-e elbzotech-heading-global font-title text-css-e font-semibold  title48 color-title elbzotech-heading-global-style1\">UZZO\u00ae\ufe0f \u2013 Her An\u0131nda Yan\u0131nda, Enerjini ve Odaklanman\u0131 Zirveye Ta\u015f\u0131yan Takviyen<span class=\"type-title_shadow\"><\/span><\/h2>\t\t\t\t<\/div>\n\t\t\t\t<\/div>\n\t\t\t\t<div class=\"elementor-element elementor-element-e57636b elementor-widget elementor-widget-bzotech-heading-global\" data-id=\"e57636b\" data-element_type=\"widget\" data-e-type=\"widget\" data-widget_type=\"bzotech-heading-global.default\">\n\t\t\t\t<div class=\"elementor-widget-container\">\n\t\t\t\t\t<div class=\"elbzotech-text-editor-global text-css-e\"><p>UZZO\u00ae\ufe0f olarak amac\u0131m\u0131z; sadece bir \u00fcr\u00fcn sunmak de\u011fil, kullan\u0131c\u0131lar\u0131m\u0131za kendilerini daha g\u00fc\u00e7l\u00fc, daha odakl\u0131 ve daha haz\u0131r hissettiren bir deneyim kazand\u0131rmakt\u0131r. Her an\u0131nda yan\u0131nda olan bir destekle, s\u0131n\u0131rlar\u0131n\u0131 zorlamaya devam et.<\/p><\/div>\t\t\t\t<\/div>\n\t\t\t\t<\/div>\n\t\t<div class=\"elementor-element elementor-element-2e9d4cf e-con-full e-flex e-con e-child\" data-id=\"2e9d4cf\" data-element_type=\"container\" data-e-type=\"container\">\n\t\t\t\t<div class=\"elementor-element elementor-element-a2e4962 elementor-widget__width-initial elementor-widget-mobile__width-inherit elementor-widget elementor-widget-bzotech_info_box_global\" data-id=\"a2e4962\" data-element_type=\"widget\" data-e-type=\"widget\" data-widget_type=\"bzotech_info_box_global.default\">\n\t\t\t\t<div class=\"elementor-widget-container\">\n\t\t\t\t\t<div class=\"flex-wrapper container-flex-e bzoteche-info-box-global- item-info-box-global\">\r\n\t<div class=\"info-box-icon elementor-animation-\"><a ><i class=\"item-icon-e title50  icon icon-checked\"><\/i><\/a><\/div><div class = \"list-text-info flex-wrapper info-container-flex-e\">        <h2  class=\"list-text-info__item  elementor-repeater-item-4a0d09e\">Do\u011fal takviyelerimizde y\u00fcksek kalite ve safl\u0131k standartlar\u0131n\u0131 esas al\u0131yoruz.<\/h2><\/div><\/div>\t\t\t\t<\/div>\n\t\t\t\t<\/div>\n\t\t\t\t<div class=\"elementor-element elementor-element-e82948b elementor-widget__width-initial elementor-widget-mobile__width-inherit elementor-widget elementor-widget-bzotech_info_box_global\" data-id=\"e82948b\" data-element_type=\"widget\" data-e-type=\"widget\" data-widget_type=\"bzotech_info_box_global.default\">\n\t\t\t\t<div class=\"elementor-widget-container\">\n\t\t\t\t\t<div class=\"flex-wrapper container-flex-e bzoteche-info-box-global- item-info-box-global\">\r\n\t<div class=\"info-box-icon elementor-animation-\"><a ><i class=\"item-icon-e title50  icon icon-checked\"><\/i><\/a><\/div><div class = \"list-text-info flex-wrapper info-container-flex-e\">        <h2  class=\"list-text-info__item  elementor-repeater-item-4a0d09e\">\u00dcr\u00fcnlerimiz, genel sa\u011fl\u0131\u011f\u0131n ve ya\u015fam kalitesinin desteklenmesi amac\u0131yla \u00f6zenle geli\u015ftirilmi\u015ftir.<\/h2><\/div><\/div>\t\t\t\t<\/div>\n\t\t\t\t<\/div>\n\t\t\t\t<div class=\"elementor-element elementor-element-ea871de elementor-widget__width-initial elementor-widget-mobile__width-inherit elementor-widget elementor-widget-bzotech_info_box_global\" data-id=\"ea871de\" data-element_type=\"widget\" data-e-type=\"widget\" data-widget_type=\"bzotech_info_box_global.default\">\n\t\t\t\t<div class=\"elementor-widget-container\">\n\t\t\t\t\t<div class=\"flex-wrapper container-flex-e bzoteche-info-box-global- item-info-box-global\">\r\n\t<div class=\"info-box-icon elementor-animation-\"><a ><i class=\"item-icon-e title50  icon icon-checked\"><\/i><\/a><\/div><div class = \"list-text-info flex-wrapper info-container-flex-e\">        <h2  class=\"list-text-info__item  elementor-repeater-item-4a0d09e\">Sa\u011fl\u0131kl\u0131 ya\u015fam s\u00fcreciniz boyunca, g\u00fcvenilir destek ve nitelikli hizmet anlay\u0131\u015f\u0131yla yan\u0131n\u0131zday\u0131z.<\/h2><\/div><\/div>\t\t\t\t<\/div>\n\t\t\t\t<\/div>\n\t\t\t\t<\/div>\n\t\t\t\t<\/div>\n\t\t\t\t\t<\/div>\n\t\t\t\t<\/div>\n\t\t\t\t<\/div>","protected":false},"excerpt":{"rendered":"<p>Home G\u00fcc\u00fcn\u00fc ve Odaklanman\u0131 Hemen Ke\u015ffet \u2013 UZZO\u00ae\ufe0f UZZO\u00ae\ufe0f olarak, aktif ya\u015fam tarz\u0131n\u0131 benimseyen ve performans\u0131n\u0131 her g\u00fcn bir ad\u0131m ileri ta\u015f\u0131mak isteyenler i\u00e7in \u00f6zel olarak geli\u015ftirilmi\u015f bir takviye \u00fcr\u00fcn sunuyoruz. Modern ya\u015fam\u0131n yo\u011fun temposunda; enerji, odak ve dayan\u0131kl\u0131l\u0131k ihtiyac\u0131n\u0131 desteklemek amac\u0131yla form\u00fcle edilen \u00fcr\u00fcn\u00fcm\u00fcz, bilimsel yakla\u015f\u0131mlar ve kaliteli i\u00e7eriklerle haz\u0131rlanm\u0131\u015ft\u0131r. \u0130\u00e7eri\u011fimizde yer alan Lepidyum [&hellip;]<\/p>\n","protected":false},"author":1,"featured_media":0,"parent":0,"menu_order":0,"comment_status":"closed","ping_status":"closed","template":"elementor-template.php","meta":{"footnotes":""},"class_list":["post-3787","page","type-page","status-publish","hentry"],"_links":{"self":[{"href":"https:\/\/uzzo.com.tr\/en\/wp-json\/wp\/v2\/pages\/3787","targetHints":{"allow":["GET"]}}],"collection":[{"href":"https:\/\/uzzo.com.tr\/en\/wp-json\/wp\/v2\/pages"}],"about":[{"href":"https:\/\/uzzo.com.tr\/en\/wp-json\/wp\/v2\/types\/page"}],"author":[{"embeddable":true,"href":"https:\/\/uzzo.com.tr\/en\/wp-json\/wp\/v2\/users\/1"}],"replies":[{"embeddable":true,"href":"https:\/\/uzzo.com.tr\/en\/wp-json\/wp\/v2\/comments?post=3787"}],"version-history":[{"count":13,"href":"https:\/\/uzzo.com.tr\/en\/wp-json\/wp\/v2\/pages\/3787\/revisions"}],"predecessor-version":[{"id":12429,"href":"https:\/\/uzzo.com.tr\/en\/wp-json\/wp\/v2\/pages\/3787\/revisions\/12429"}],"wp:attachment":[{"href":"https:\/\/uzzo.com.tr\/en\/wp-json\/wp\/v2\/media?parent=3787"}],"curies":[{"name":"wp","href":"https:\/\/api.w.org\/{rel}","templated":true}]}}