{"id":3788,"date":"2024-08-06T20:11:09","date_gmt":"2024-08-06T20:11:09","guid":{"rendered":"https:\/\/fitrush.bzotech.com\/?page_id=3788"},"modified":"2026-04-10T06:06:38","modified_gmt":"2026-04-10T06:06:38","slug":"iletisim","status":"publish","type":"page","link":"https:\/\/uzzo.com.tr\/en\/iletisim\/","title":{"rendered":"\u0130leti\u015fim"},"content":{"rendered":"<div data-elementor-type=\"wp-page\" data-elementor-id=\"3788\" class=\"elementor elementor-3788\">\n\t\t\t\t<div class=\"elementor-element elementor-element-f7d770d e-flex e-con-boxed e-con e-parent\" data-id=\"f7d770d\" data-element_type=\"container\" data-e-type=\"container\">\n\t\t\t\t\t<div class=\"e-con-inner\">\n\t\t<div class=\"elementor-element elementor-element-ef2ab7c e-con-full e-flex e-con e-child\" data-id=\"ef2ab7c\" data-element_type=\"container\" data-e-type=\"container\">\n\t\t\t\t<div class=\"elementor-element elementor-element-f1c377c elementor-widget elementor-widget-bzotech-breadcrumb-global\" data-id=\"f1c377c\" data-element_type=\"widget\" data-e-type=\"widget\" data-widget_type=\"bzotech-breadcrumb-global.default\">\n\t\t\t\t<div class=\"elementor-widget-container\">\n\t\t\t\t\t<div class=\"elbzotech-bread-crumb-global bread-crumb-global-\">\r\n\t<div class=\"elbzotech-bread-crumb-global__content container-flex-e flex-wrapper\">\r\n\t\t<a class=\"bread-crumb-e\" href=\"https:\/\/uzzo.com.tr\/en\/\">Home<\/a>\t<\/div>\r\n<\/div>\t\t\t\t<\/div>\n\t\t\t\t<\/div>\n\t\t\t\t<\/div>\n\t\t\t\t\t<\/div>\n\t\t\t\t<\/div>\n\t\t<div class=\"elementor-element elementor-element-ac18b19 e-flex e-con-boxed e-con e-parent\" data-id=\"ac18b19\" data-element_type=\"container\" data-e-type=\"container\">\n\t\t\t\t\t<div class=\"e-con-inner\">\n\t\t<div class=\"elementor-element elementor-element-dab958b e-con-full e-flex e-con e-child\" data-id=\"dab958b\" data-element_type=\"container\" data-e-type=\"container\">\n\t\t\t\t<div class=\"elementor-element elementor-element-d38a0d1 elementor-widget elementor-widget-bzotech-heading-global\" data-id=\"d38a0d1\" data-element_type=\"widget\" data-e-type=\"widget\" data-widget_type=\"bzotech-heading-global.default\">\n\t\t\t\t<div class=\"elementor-widget-container\">\n\t\t\t\t\t<h2 class=\"container-flex-e elbzotech-heading-global font-title text-css-e font-semibold  title48 color-title elbzotech-heading-global-style1\">Sorular\u0131n\u0131z m\u0131 var?\n<span class=\"type-title_shadow\"><\/span><\/h2>\t\t\t\t<\/div>\n\t\t\t\t<\/div>\n\t\t\t\t<div class=\"elementor-element elementor-element-76b1c2e elementor-widget elementor-widget-bzotech-heading-global\" data-id=\"76b1c2e\" data-element_type=\"widget\" data-e-type=\"widget\" data-widget_type=\"bzotech-heading-global.default\">\n\t\t\t\t<div class=\"elementor-widget-container\">\n\t\t\t\t\t<h2 class=\"container-flex-e elbzotech-heading-global font-title text-css-e font-semibold  title48 color-title elbzotech-heading-global-style1\">Haftan\u0131n 7 g\u00fcn\u00fc hizmetinizdeyiz!\n<span class=\"type-title_shadow\"><\/span><\/h2>\t\t\t\t<\/div>\n\t\t\t\t<\/div>\n\t\t\t\t<\/div>\n\t\t<div class=\"elementor-element elementor-element-6657412 e-con-full e-flex e-con e-child\" data-id=\"6657412\" data-element_type=\"container\" data-e-type=\"container\">\n\t\t\t\t<div class=\"elementor-element elementor-element-09f79f4 elementor-widget elementor-widget-bzotech-banner-info-global\" data-id=\"09f79f4\" data-element_type=\"widget\" data-e-type=\"widget\" data-widget_type=\"bzotech-banner-info-global.default\">\n\t\t\t\t<div class=\"elementor-widget-container\">\n\t\t\t\t\t<div class=\"elbzotech-banner-info-global-wrap elbzotech-banner-info-global-elbzotech-bndf  elbzotech-hidden wrap-flex-e-elbzotech-info-inner\" >\r\n\t\t\t<div class=\"elbzotech-banner-info-global-thumb  elbzotech-hidden\" >\r\n\t\t\t<a class=\"adv-thumb-link  elementor-animation-\" rel=\"nofollow\" role=\"button\" >\r\n\t\t\t\t\t\t\t\t\t\t\t\t<img fetchpriority=\"high\" decoding=\"async\" width=\"1080\" height=\"1440\" src=\"https:\/\/uzzo.com.tr\/wp-content\/uploads\/2026\/04\/3.png\" class=\"attachment-full size-full wp-image-12319\" alt=\"\" srcset=\"https:\/\/uzzo.com.tr\/wp-content\/uploads\/2026\/04\/3.png 1080w, https:\/\/uzzo.com.tr\/wp-content\/uploads\/2026\/04\/3-225x300.png 225w, https:\/\/uzzo.com.tr\/wp-content\/uploads\/2026\/04\/3-768x1024.png 768w, https:\/\/uzzo.com.tr\/wp-content\/uploads\/2026\/04\/3-600x800.png 600w\" sizes=\"(max-width: 1080px) 100vw, 1080px\" \/>\t\t\t\t\t\t\t<\/a>\r\n\t\t<\/div>\r\n\t<\/div>\t\t\t\t<\/div>\n\t\t\t\t<\/div>\n\t\t\t\t<\/div>\n\t\t\t\t\t<\/div>\n\t\t\t\t<\/div>\n\t\t<div class=\"elementor-element elementor-element-7c15b38 e-flex e-con-boxed e-con e-parent\" data-id=\"7c15b38\" data-element_type=\"container\" data-e-type=\"container\">\n\t\t\t\t\t<div class=\"e-con-inner\">\n\t\t<div class=\"elementor-element elementor-element-17dbf85 e-con-full e-flex e-con e-child\" data-id=\"17dbf85\" data-element_type=\"container\" data-e-type=\"container\">\n\t\t\t\t<div class=\"elementor-element elementor-element-b776b9c elementor-widget elementor-widget-bzotech-heading-global\" data-id=\"b776b9c\" data-element_type=\"widget\" data-e-type=\"widget\" data-widget_type=\"bzotech-heading-global.default\">\n\t\t\t\t<div class=\"elementor-widget-container\">\n\t\t\t\t\t<h2 class=\"container-flex-e elbzotech-heading-global font-title text-css-e font-semibold  title48 color-title elbzotech-heading-global-style1\">Sultan Selim Mahallesi, Eski B\u00fcy\u00fckdere Caddesi No:61 Kat:2 Levent \u2013 \u0130STANBUL<span class=\"type-title_shadow\"><\/span><\/h2>\t\t\t\t<\/div>\n\t\t\t\t<\/div>\n\t\t\t\t<\/div>\n\t\t<div class=\"elementor-element elementor-element-c913a94 e-con-full e-flex e-con e-child\" data-id=\"c913a94\" data-element_type=\"container\" data-e-type=\"container\">\n\t\t\t\t<div class=\"elementor-element elementor-element-f9b787e elementor-widget elementor-widget-bzotech-heading-global\" data-id=\"f9b787e\" data-element_type=\"widget\" data-e-type=\"widget\" data-widget_type=\"bzotech-heading-global.default\">\n\t\t\t\t<div class=\"elementor-widget-container\">\n\t\t\t\t\t<h2 class=\"e-main-color  container-flex-e elbzotech-heading-global font-title text-css-e font-semibold  title48 color-title elbzotech-heading-global-style1\">+90 541 845 00 05<img decoding=\"async\" class=\"elbzotech-heading-global__icon\" alt=\"svg\" src=\"https:\/\/fitrush.bzotech.com\/wp-content\/uploads\/2024\/07\/phone-icon.svg\"><span class=\"type-title_shadow\"><\/span><\/h2>\t\t\t\t<\/div>\n\t\t\t\t<\/div>\n\t\t\t\t<div class=\"elementor-element elementor-element-58e5cee elementor-widget elementor-widget-bzotech-heading-global\" data-id=\"58e5cee\" data-element_type=\"widget\" data-e-type=\"widget\" data-widget_type=\"bzotech-heading-global.default\">\n\t\t\t\t<div class=\"elementor-widget-container\">\n\t\t\t\t\t<h2 class=\"container-flex-e elbzotech-heading-global font-title text-css-e font-semibold  title48 color-title elbzotech-heading-global-style1\"><a href=\"mailto:contact@fitrush.com\">info@uzzo.com.tr<\/a><span class=\"type-title_shadow\"><\/span><\/h2>\t\t\t\t<\/div>\n\t\t\t\t<\/div>\n\t\t\t\t<div class=\"elementor-element elementor-element-3d0016a elementor-widget-divider--view-line elementor-widget elementor-widget-divider\" data-id=\"3d0016a\" data-element_type=\"widget\" data-e-type=\"widget\" data-widget_type=\"divider.default\">\n\t\t\t\t\t\t\t<div class=\"elementor-divider\">\n\t\t\t<span class=\"elementor-divider-separator\">\n\t\t\t\t\t\t<\/span>\n\t\t<\/div>\n\t\t\t\t\t\t<\/div>\n\t\t<div class=\"elementor-element elementor-element-c0e193a e-con-full e-flex e-con e-child\" data-id=\"c0e193a\" data-element_type=\"container\" data-e-type=\"container\">\n\t\t\t\t<\/div>\n\t\t\t\t<\/div>\n\t\t<div class=\"elementor-element elementor-element-4fd2c73 e-con-full e-flex e-con e-child\" data-id=\"4fd2c73\" data-element_type=\"container\" data-e-type=\"container\">\n\t\t\t\t<div class=\"elementor-element elementor-element-8b79562 elementor-widget elementor-widget-bzotech-heading-global\" data-id=\"8b79562\" data-element_type=\"widget\" data-e-type=\"widget\" data-widget_type=\"bzotech-heading-global.default\">\n\t\t\t\t<div class=\"elementor-widget-container\">\n\t\t\t\t\t<div class=\"elbzotech-text-editor-global text-css-e\"><p>Sosyal Medya<\/p><\/div>\t\t\t\t<\/div>\n\t\t\t\t<\/div>\n\t\t\t\t<div class=\"elementor-element elementor-element-3dd06dd elementor-widget elementor-widget-bzotech-list-link-global\" data-id=\"3dd06dd\" data-element_type=\"widget\" data-e-type=\"widget\" data-widget_type=\"bzotech-list-link-global.default\">\n\t\t\t\t<div class=\"elementor-widget-container\">\n\t\t\t\t\t\t<div class=\"elbzotech-list-link-global-block elbzotech-list-link-global\">\r\n\t\t\t\t\t<a href=\"https:\/\/x.com\/BzoTech\" class=\"item-link icon-position-left icon-check-yes elementor-repeater-item-17301a7\">\r\n\r\n\t\t\t\t<span class=\"icon-image-link\"><img alt=\"svg\" src =\"https:\/\/fitrush.bzotech.com\/wp-content\/uploads\/2024\/07\/twitter_5969020-1.svg\"><\/span><span class=\"title\">\/uzzo<\/span>\t\t\t<\/a>\r\n\t\t\t\t\t\t\t<\/div>\r\n\t\t\t\t\t<\/div>\n\t\t\t\t<\/div>\n\t\t\t\t<\/div>\n\t\t\t\t\t<\/div>\n\t\t\t\t<\/div>\n\t\t<div class=\"elementor-element elementor-element-c848a95 e-flex e-con-boxed e-con e-parent\" data-id=\"c848a95\" data-element_type=\"container\" data-e-type=\"container\">\n\t\t\t\t\t<div class=\"e-con-inner\">\n\t\t<div class=\"elementor-element elementor-element-d373e9b e-con-full e-flex e-con e-child\" data-id=\"d373e9b\" data-element_type=\"container\" data-e-type=\"container\">\n\t\t\t\t<div class=\"elementor-element elementor-element-8546e4a elementor-widget elementor-widget-bzotech-heading-global\" data-id=\"8546e4a\" data-element_type=\"widget\" data-e-type=\"widget\" data-widget_type=\"bzotech-heading-global.default\">\n\t\t\t\t<div class=\"elementor-widget-container\">\n\t\t\t\t\t<h2 class=\"container-flex-e elbzotech-heading-global font-title text-css-e font-semibold  title48 color-title elbzotech-heading-global-style1\">Herhangi bir sorunuz varsa formu doldurun.\n<span class=\"type-title_shadow\"><\/span><\/h2>\t\t\t\t<\/div>\n\t\t\t\t<\/div>\n\t\t\t\t<div class=\"elementor-element elementor-element-09297db custom-form-contact elementor-widget elementor-widget-shortcode\" data-id=\"09297db\" data-element_type=\"widget\" data-e-type=\"widget\" data-widget_type=\"shortcode.default\">\n\t\t\t\t\t\t\t<div class=\"elementor-shortcode\">\n<div class=\"wpcf7 no-js\" id=\"wpcf7-f17-o1\" lang=\"en-US\" dir=\"ltr\" data-wpcf7-id=\"17\">\n<div class=\"screen-reader-response\"><p role=\"status\" aria-live=\"polite\" aria-atomic=\"true\"><\/p> <ul><\/ul><\/div>\n<form action=\"\/en\/wp-json\/wp\/v2\/pages\/3788#wpcf7-f17-o1\" method=\"post\" class=\"wpcf7-form init\" aria-label=\"Contact form\" novalidate=\"novalidate\" data-status=\"init\" data-trp-original-action=\"\/en\/wp-json\/wp\/v2\/pages\/3788#wpcf7-f17-o1\">\n<fieldset class=\"hidden-fields-container\"><input type=\"hidden\" name=\"_wpcf7\" value=\"17\" \/><input type=\"hidden\" name=\"_wpcf7_version\" value=\"6.1.5\" \/><input type=\"hidden\" name=\"_wpcf7_locale\" value=\"en_US\" \/><input type=\"hidden\" name=\"_wpcf7_unit_tag\" value=\"wpcf7-f17-o1\" \/><input type=\"hidden\" name=\"_wpcf7_container_post\" value=\"0\" \/><input type=\"hidden\" name=\"_wpcf7_posted_data_hash\" value=\"\" \/>\n<\/fieldset>\n<div class=\"row-flex-wrapper\">\n\t<p><span class=\"wpcf7-form-control-wrap\" data-name=\"your-name\"><input size=\"40\" maxlength=\"400\" class=\"wpcf7-form-control wpcf7-text wpcf7-validates-as-required\" aria-required=\"true\" aria-invalid=\"false\" placeholder=\"Name and Surname\" value=\"\" type=\"text\" name=\"your-name\" \/><\/span><span class=\"wpcf7-form-control-wrap\" data-name=\"your-email\"><input size=\"40\" maxlength=\"400\" class=\"wpcf7-form-control wpcf7-email wpcf7-validates-as-required wpcf7-text wpcf7-validates-as-email\" aria-required=\"true\" aria-invalid=\"false\" placeholder=\"Your E-mail\" value=\"\" type=\"email\" name=\"your-email\" \/><\/span><span class=\"wpcf7-form-control-wrap\" data-name=\"your-phone\"><input class=\"wpcf7-form-control wpcf7-number wpcf7-validates-as-number\" aria-invalid=\"false\" placeholder=\"Phone\" value=\"\" type=\"number\" name=\"your-phone\" \/><\/span>\n\t<\/p>\n<\/div>\n<p><span class=\"wpcf7-form-control-wrap\" data-name=\"your-message\"><textarea cols=\"40\" rows=\"10\" maxlength=\"2000\" class=\"wpcf7-form-control wpcf7-textarea\" aria-invalid=\"false\" placeholder=\"Message\" name=\"your-message\"><\/textarea><\/span><br \/>\n<input class=\"wpcf7-form-control wpcf7-submit has-spinner elbzotech-bt-global-default\" type=\"submit\" value=\"Send message\" \/>\n<\/p><div class=\"wpcf7-response-output\" aria-hidden=\"true\"><\/div>\n<input type=\"hidden\" name=\"trp-form-language\" value=\"en\"\/><\/form>\n<\/div>\n<\/div>\n\t\t\t\t\t\t<\/div>\n\t\t\t\t<\/div>\n\t\t<div class=\"elementor-element elementor-element-4edd34f e-con-full e-flex e-con e-child\" data-id=\"4edd34f\" data-element_type=\"container\" data-e-type=\"container\">\n\t\t\t\t<\/div>\n\t\t\t\t\t<\/div>\n\t\t\t\t<\/div>\n\t\t<div class=\"elementor-element elementor-element-b89afdd e-con-full e-flex e-con e-parent\" data-id=\"b89afdd\" data-element_type=\"container\" data-e-type=\"container\" id=\"map\">\n\t\t\t\t<div class=\"elementor-element elementor-element-970b7e9 elementor-widget elementor-widget-google_maps\" data-id=\"970b7e9\" data-element_type=\"widget\" data-e-type=\"widget\" data-widget_type=\"google_maps.default\">\n\t\t\t\t\t\t\t<div class=\"elementor-custom-embed\">\n\t\t\t<iframe loading=\"lazy\"\n\t\t\t\t\tsrc=\"https:\/\/maps.google.com\/maps?q=Sultan%20Selim%20Mahallesi%2C%20Eski%20B%C3%BCy%C3%BCkdere%20Caddesi%20No%3A61%20Kat%3A2%20Levent%20%E2%80%93%20%C4%B0STANBUL&#038;t=m&#038;z=16&#038;output=embed&#038;iwloc=near\"\n\t\t\t\t\ttitle=\"Sultan Selim Mahallesi, Eski B\u00fcy\u00fckdere Caddesi No:61 Kat:2 Levent \u2013 \u0130STANBUL\"\n\t\t\t\t\taria-label=\"Sultan Selim Mahallesi, Eski B\u00fcy\u00fckdere Caddesi No:61 Kat:2 Levent \u2013 \u0130STANBUL\"\n\t\t\t><\/iframe>\n\t\t<\/div>\n\t\t\t\t\t\t<\/div>\n\t\t\t\t<\/div>\n\t\t\t\t<\/div>","protected":false},"excerpt":{"rendered":"<p>Home Sorular\u0131n\u0131z m\u0131 var? Haftan\u0131n 7 g\u00fcn\u00fc hizmetinizdeyiz! Sultan Selim Mahallesi, Eski B\u00fcy\u00fckdere Caddesi No:61 Kat:2 Levent \u2013 \u0130STANBUL +90 541 845 00 05 info@uzzo.com.tr Sosyal Medya \/uzzo Herhangi bir sorunuz varsa formu doldurun.<\/p>","protected":false},"author":1,"featured_media":0,"parent":0,"menu_order":0,"comment_status":"closed","ping_status":"closed","template":"elementor-template.php","meta":{"footnotes":""},"class_list":["post-3788","page","type-page","status-publish","hentry"],"_links":{"self":[{"href":"https:\/\/uzzo.com.tr\/en\/wp-json\/wp\/v2\/pages\/3788","targetHints":{"allow":["GET"]}}],"collection":[{"href":"https:\/\/uzzo.com.tr\/en\/wp-json\/wp\/v2\/pages"}],"about":[{"href":"https:\/\/uzzo.com.tr\/en\/wp-json\/wp\/v2\/types\/page"}],"author":[{"embeddable":true,"href":"https:\/\/uzzo.com.tr\/en\/wp-json\/wp\/v2\/users\/1"}],"replies":[{"embeddable":true,"href":"https:\/\/uzzo.com.tr\/en\/wp-json\/wp\/v2\/comments?post=3788"}],"version-history":[{"count":4,"href":"https:\/\/uzzo.com.tr\/en\/wp-json\/wp\/v2\/pages\/3788\/revisions"}],"predecessor-version":[{"id":12419,"href":"https:\/\/uzzo.com.tr\/en\/wp-json\/wp\/v2\/pages\/3788\/revisions\/12419"}],"wp:attachment":[{"href":"https:\/\/uzzo.com.tr\/en\/wp-json\/wp\/v2\/media?parent=3788"}],"curies":[{"name":"wp","href":"https:\/\/api.w.org\/{rel}","templated":true}]}}