{"id":5358,"date":"2024-08-10T08:19:46","date_gmt":"2024-08-10T08:19:46","guid":{"rendered":"https:\/\/fitrush.bzotech.com\/?page_id=5358"},"modified":"2026-04-04T11:48:59","modified_gmt":"2026-04-04T11:48:59","slug":"urunlerimiz","status":"publish","type":"page","link":"https:\/\/uzzo.com.tr\/en\/urunlerimiz\/","title":{"rendered":"\u00dcr\u00fcnlerimiz"},"content":{"rendered":"<div data-elementor-type=\"wp-page\" data-elementor-id=\"5358\" class=\"elementor elementor-5358\">\n\t\t\t\t<div class=\"elementor-element elementor-element-141cc1f0 e-flex e-con-boxed e-con e-parent\" data-id=\"141cc1f0\" data-element_type=\"container\" data-e-type=\"container\">\n\t\t\t\t\t<div class=\"e-con-inner\">\n\t\t<div class=\"elementor-element elementor-element-695fbb6f e-con-full e-flex e-con e-child\" data-id=\"695fbb6f\" data-element_type=\"container\" data-e-type=\"container\">\n\t\t\t\t<div class=\"elementor-element elementor-element-3139e4ff elementor-widget elementor-widget-bzotech-breadcrumb-global\" data-id=\"3139e4ff\" data-element_type=\"widget\" data-e-type=\"widget\" data-widget_type=\"bzotech-breadcrumb-global.default\">\n\t\t\t\t<div class=\"elementor-widget-container\">\n\t\t\t\t\t<div class=\"elbzotech-bread-crumb-global bread-crumb-global-\">\r\n\t<div class=\"elbzotech-bread-crumb-global__content container-flex-e flex-wrapper\">\r\n\t\t<a class=\"bread-crumb-e\" href=\"https:\/\/uzzo.com.tr\/en\/\">Home<\/a>\t<\/div>\r\n<\/div>\t\t\t\t<\/div>\n\t\t\t\t<\/div>\n\t\t\t\t<\/div>\n\t\t\t\t\t<\/div>\n\t\t\t\t<\/div>\n\t\t<div class=\"elementor-element elementor-element-d046457 e-flex e-con-boxed e-con e-parent\" data-id=\"d046457\" data-element_type=\"container\" data-e-type=\"container\">\n\t\t\t\t\t<div class=\"e-con-inner\">\n\t\t<div class=\"elementor-element elementor-element-e87aa7a e-con-full e-flex e-con e-child\" data-id=\"e87aa7a\" data-element_type=\"container\" data-e-type=\"container\">\n\t\t\t\t<div class=\"elementor-element elementor-element-2119154 elementor-widget elementor-widget-bzotech-heading-global\" data-id=\"2119154\" data-element_type=\"widget\" data-e-type=\"widget\" data-widget_type=\"bzotech-heading-global.default\">\n\t\t\t\t<div class=\"elementor-widget-container\">\n\t\t\t\t\t<h2 class=\"container-flex-e elbzotech-heading-global font-title text-css-e font-semibold  title48 color-title elbzotech-heading-global-style1\">\u00dcr\u00fcnlerimiz<span class=\"type-title_shadow\"><\/span><\/h2>\t\t\t\t<\/div>\n\t\t\t\t<\/div>\n\t\t\t\t<\/div>\n\t\t<div class=\"elementor-element elementor-element-a198e28 e-con-full e-flex e-con e-child\" data-id=\"a198e28\" data-element_type=\"container\" data-e-type=\"container\">\n\t\t\t\t<div class=\"elementor-element elementor-element-c6c3ad2 elementor-widget elementor-widget-bzotech-filters-product-global\" data-id=\"c6c3ad2\" data-element_type=\"widget\" data-e-type=\"widget\" data-widget_type=\"bzotech-filters-product-global.default\">\n\t\t\t\t<div class=\"elementor-widget-container\">\n\t\t\t\t\t\t<div class=\"elbzotech-list-filter- elbzotech-list-filter style-layout-e flex-wrapper\">\r\n\t\t\t\t\t        <div class=\"view-type flex-wrapper column-gap15 align_items-center\">\r\n                        <a data-type=\"list\" href=\"https:\/\/uzzo.com.tr\/en\/wp-json\/wp\/v2\/pages\/5358\/?type=list\" class=\"list-view\"><i class=\"icon-bzo icon-bzo-filter-list title14\"><\/i><\/a>\r\n                                                        <a data-type=\"grid\" data-col=\"2\" href=\"https:\/\/uzzo.com.tr\/en\/wp-json\/wp\/v2\/pages\/5358\/?type=grid-2col\" class=\"grid-2 grid-view\"><i class=\"title14 icon-bzo icon-bzo-filter-grid2\"><\/i><\/a>\r\n                                                                <a data-type=\"grid\" data-col=\"3\" href=\"https:\/\/uzzo.com.tr\/en\/wp-json\/wp\/v2\/pages\/5358\/?type=grid-3col\" class=\"grid-3 grid-view\"><i class=\"title14 icon-bzo icon-bzo-filter-grid3\"><\/i><\/a>\r\n                                                                <a data-type=\"grid\" data-col=\"n\" href=\"https:\/\/uzzo.com.tr\/en\/wp-json\/wp\/v2\/pages\/5358\/?type=grid-ncol\" class=\"grid-n grid-view  active\"><i class=\"title14 icon-bzo icon-bzo-filter-gridn\"><\/i><\/a>\r\n                                                    <\/div>\r\n\t\t\t        \t                    <div class=\"sort-by\">\r\n\t                        <div class=\"inline-block\">\r\n\t                                        <div class=\"elbzotech-dropdown-box show-order sort-by-order\">\n                <span>Sort by<\/span>                \n                <a href=\"#\" class=\"dropdown-link style-title-item-e\">\n                    <span class=\"silver set-orderby\">Default sorting<\/span>\n                    <i aria-hidden=\"true\" class=\"icon icon-down-arrow1\"><\/i>                <\/a>\n                <ul class=\"elbzotech-dropdown-list list-none\">\n                    <li><a data-orderby=\"menu_order\" class=\"active\" href=\"https:\/\/uzzo.com.tr\/en\/wp-json\/wp\/v2\/pages\/5358\/?orderby=menu_order\">Default sorting<\/a><\/li><li><a data-orderby=\"popularity\" class=\"\" href=\"https:\/\/uzzo.com.tr\/en\/wp-json\/wp\/v2\/pages\/5358\/?orderby=popularity\">Sort by popularity<\/a><\/li><li><a data-orderby=\"rating\" class=\"\" href=\"https:\/\/uzzo.com.tr\/en\/wp-json\/wp\/v2\/pages\/5358\/?orderby=rating\">Sort by average rating<\/a><\/li><li><a data-orderby=\"date\" class=\"\" href=\"https:\/\/uzzo.com.tr\/en\/wp-json\/wp\/v2\/pages\/5358\/?orderby=date\">Sort by latest<\/a><\/li><li><a data-orderby=\"price\" class=\"\" href=\"https:\/\/uzzo.com.tr\/en\/wp-json\/wp\/v2\/pages\/5358\/?orderby=price\">Sort by price: low to high<\/a><\/li><li><a data-orderby=\"price-desc\" class=\"\" href=\"https:\/\/uzzo.com.tr\/en\/wp-json\/wp\/v2\/pages\/5358\/?orderby=price-desc\">Sort by price: high to low<\/a><\/li>                <\/ul>\n            <\/div>\n        \t                        <\/div>\r\n\t                    <\/div>\r\n\t                <div class=\"number flex-wrapper column-gap10 align_items-center\"><span class=\"\">G\u00f6ster<\/span><div class=\"elbzotech-dropdown-box item-box-filter cate-list-filter\"><h4 class=\"style-title-item-e title13 font-title text-uppercase flex-wrapper align_items-center font-semibold column-gap10 dropdown-link\">20<i aria-hidden=\"true\" class=\"icon icon-down-arrow1 title12\"><\/i><\/h4><div class=\"elbzotech-dropdown-list item-filter-content number-filter\"><a data-number=\"9\" class=\"\" href=\"https:\/\/uzzo.com.tr\/en\/wp-json\/wp\/v2\/pages\/5358\/?number=9\">9<\/a><a data-number=\"12\" class=\"\" href=\"https:\/\/uzzo.com.tr\/en\/wp-json\/wp\/v2\/pages\/5358\/?number=12\">12<\/a><a data-number=\"15\" class=\"\" href=\"https:\/\/uzzo.com.tr\/en\/wp-json\/wp\/v2\/pages\/5358\/?number=15\">15<\/a><a data-number=\"20\" class=\"active\" href=\"https:\/\/uzzo.com.tr\/en\/wp-json\/wp\/v2\/pages\/5358\/?number=20\">20<\/a><a data-number=\"24\" class=\"\" href=\"https:\/\/uzzo.com.tr\/en\/wp-json\/wp\/v2\/pages\/5358\/?number=24\">24<\/a><\/div><\/div><\/div>\t<\/div>\r\n\t\t\t\t\t<\/div>\n\t\t\t\t<\/div>\n\t\t\t\t<div class=\"elementor-element elementor-element-27c68b0 elementor-widget elementor-widget-bzotech-filters-product-global\" data-id=\"27c68b0\" data-element_type=\"widget\" data-e-type=\"widget\" data-widget_type=\"bzotech-filters-product-global.default\">\n\t\t\t\t<div class=\"elementor-widget-container\">\n\t\t\t\t\t<a class=\"elbzotech-bt-global-default js-filters-product-button\" rel=\"nofollow\" href=\"#\"><i class=\"las la-filter\"><\/i><span class=\"text-button\">Filtreleri g\u00f6ster<\/span><\/a>\t<div class=\"elbzotech-list-filter-button elbzotech-list-filter style-layout-e flex-wrapper flex_direction-column bzotech-scrollbar\">\r\n\t\t<a class=\"close-filter\"><i class=\"las la-times\"><\/i><\/a> <div class=\"main-filter__hitory-elementor main-filter__hitory flex-wrapper justify_content-space-between align_items-center\">\r\n\t<div class=\"js-filter-hitory flex-wrapper style-layout-e\" data-filterurl = \"\" data-clearfilters = \"\" data-filterurlprice = \"\">\r\n\t\t\r\n\t<\/div>\r\n<\/div>\r\n    <div class=\"item-box-filter attr-list-filter filter_size\"><h4 class=\"style-title-item-e title13 font-title text-uppercase flex-wrapper align_items-center font-semibold column-gap10 justify_content-space-between\"><span>Package size<\/span><i aria-hidden=\"true\" class=\"icon icon-down-arrow1 title12\"><\/i><\/h4><div class=\"item-filter-content\"><ul class=\"item-attr-filter-content flex-wrapper list-filter-e list-filter list-inline attribute-type-select\"><li class=\"100-250mg-inline\">\r\n                                                    <a data-filter_size = \"100-250mg\" data-attribute=\"size\" data-term=\"100-250mg\" class=\"bgcolor-100-250mg\" href=\"https:\/\/uzzo.com.tr\/en\/wp-json\/wp\/v2\/pages\/5358\/?filter_size=100-250mg\">\r\n                                                    <span><\/span>100 - 250MG\r\n                                                    <\/a>\r\n                                                <\/li><li class=\"250-700mg-inline\">\r\n                                                    <a data-filter_size = \"250-700mg\" data-attribute=\"size\" data-term=\"250-700mg\" class=\"bgcolor-250-700mg\" href=\"https:\/\/uzzo.com.tr\/en\/wp-json\/wp\/v2\/pages\/5358\/?filter_size=250-700mg\">\r\n                                                    <span><\/span>250 - 700MG\r\n                                                    <\/a>\r\n                                                <\/li><li class=\"700-1kg-inline\">\r\n                                                    <a data-filter_size = \"700-1kg\" data-attribute=\"size\" data-term=\"700-1kg\" class=\"bgcolor-700-1kg\" href=\"https:\/\/uzzo.com.tr\/en\/wp-json\/wp\/v2\/pages\/5358\/?filter_size=700-1kg\">\r\n                                                    <span><\/span>700 - 1KG\r\n                                                    <\/a>\r\n                                                <\/li><\/ul><\/div><\/div><div class=\"item-box-filter attr-list-filter filter_brand\"><h4 class=\"style-title-item-e title13 font-title text-uppercase flex-wrapper align_items-center font-semibold column-gap10 justify_content-space-between\"><span>Brands<\/span><i aria-hidden=\"true\" class=\"icon icon-down-arrow1 title12\"><\/i><\/h4><div class=\"item-filter-content\"><ul class=\"item-attr-filter-content flex-wrapper list-filter-e list-filter list-inline attribute-type-select\"><\/ul><\/div><\/div><div class=\"item-box-filter attr-list-filter filter_flavours\"><h4 class=\"style-title-item-e title13 font-title text-uppercase flex-wrapper align_items-center font-semibold column-gap10 justify_content-space-between\"><span>Flavours<\/span><i aria-hidden=\"true\" class=\"icon icon-down-arrow1 title12\"><\/i><\/h4><div class=\"item-filter-content\"><ul class=\"item-attr-filter-content flex-wrapper list-filter-e list-filter list-inline attribute-type-select\"><li class=\"grape-inline\">\r\n                                                    <a data-filter_flavours = \"grape\" data-attribute=\"flavours\" data-term=\"grape\" class=\"bgcolor-grape\" href=\"https:\/\/uzzo.com.tr\/en\/wp-json\/wp\/v2\/pages\/5358\/?filter_flavours=grape\">\r\n                                                    <span><\/span>Grape\r\n                                                    <\/a>\r\n                                                <\/li><li class=\"orange-inline\">\r\n                                                    <a data-filter_flavours = \"orange\" data-attribute=\"flavours\" data-term=\"orange\" class=\"bgcolor-orange\" href=\"https:\/\/uzzo.com.tr\/en\/wp-json\/wp\/v2\/pages\/5358\/?filter_flavours=orange\">\r\n                                                    <span><\/span>Orange\r\n                                                    <\/a>\r\n                                                <\/li><li class=\"watermelon-inline\">\r\n                                                    <a data-filter_flavours = \"watermelon\" data-attribute=\"flavours\" data-term=\"watermelon\" class=\"bgcolor-watermelon\" href=\"https:\/\/uzzo.com.tr\/en\/wp-json\/wp\/v2\/pages\/5358\/?filter_flavours=watermelon\">\r\n                                                    <span><\/span>Watermelon\r\n                                                    <\/a>\r\n                                                <\/li><\/ul><\/div><\/div><div class=\"item-box-filter attr-list-filter filter_multipack-option\"><h4 class=\"style-title-item-e title13 font-title text-uppercase flex-wrapper align_items-center font-semibold column-gap10 justify_content-space-between\"><span>Multipack<\/span><i aria-hidden=\"true\" class=\"icon icon-down-arrow1 title12\"><\/i><\/h4><div class=\"item-filter-content\"><ul class=\"item-attr-filter-content flex-wrapper list-filter-e list-filter list-inline attribute-type-select\"><\/ul><\/div><\/div><div class=\"item-box-filter cate-list-filter rating_filter\"><h4 class=\"style-title-item-e title13 font-title text-uppercase flex-wrapper align_items-center font-semibold column-gap10 justify_content-space-between\"><span>Ratings<\/span><i aria-hidden=\"true\" class=\"icon icon-down-arrow1 title12\"><\/i><\/h4><ul class=\"list-filter-e item-filter-content bzotech-rating-filter rating_filter\"><li class=\"\" ><a data-rating_filter = \"5\" class=\"bzotech-rating-filter__item\" href=\"https:\/\/uzzo.com.tr\/en\/wp-json\/wp\/v2\/pages\/5358\/?rating_filter=5\"><ul class=\"wrap-rating list-inline-block\">\n                        <li>\n                            <div class=\"product-rate\">\n                                <div class=\"product-rating\" style=\"width:100%\"><\/div>\n                            <\/div><div class=\"star-by-number\">5<\/div>\n                        <\/li><\/ul><span><\/span><\/a><\/li><\/ul><\/div>\t<\/div>\r\n\t\t\t\t\t<\/div>\n\t\t\t\t<\/div>\n\t\t\t\t<\/div>\n\t\t\t\t\t<\/div>\n\t\t\t\t<\/div>\n\t\t<div class=\"elementor-element elementor-element-4fc730b e-flex e-con-boxed e-con e-parent\" data-id=\"4fc730b\" data-element_type=\"container\" data-e-type=\"container\">\n\t\t\t\t\t<div class=\"e-con-inner\">\n\t\t<div class=\"elementor-element elementor-element-72e4543 e-con-full e-flex e-con e-child\" data-id=\"72e4543\" data-element_type=\"container\" data-e-type=\"container\">\n\t\t\t\t<div class=\"elementor-element elementor-element-a58bc1e elementor-widget elementor-widget-bzotech-filters-product-global\" data-id=\"a58bc1e\" data-element_type=\"widget\" data-e-type=\"widget\" data-widget_type=\"bzotech-filters-product-global.default\">\n\t\t\t\t<div class=\"elementor-widget-container\">\n\t\t\t\t\t\t<div class=\"elbzotech-list-filter-list-normal elbzotech-list-filter style-layout-e flex-wrapper flex_direction-column\">\r\n\t\t<div class=\"flex-wrapper item-box-filter cate-list-filter product_cat style-layout-item-e\"><input type=\"hidden\" name=\"load-shop-ajax-nonce\" class=\"load-shop-ajax-nonce\" value=\"e24af3dc0d\" \/><h4 class=\"style-title-item-e title13 font-title text-uppercase flex-wrapper align_items-center font-semibold column-gap10\"><span>Category<\/span><\/h4><ul class=\"flex-wrapper list-filter-e item-filter-content product_cat\"><li><a data-product_cat=\"uzzo%ef%b8%8f\" href=\"https:\/\/uzzo.com.tr\/en\/wp-json\/wp\/v2\/pages\/5358\/?product_cat=uzzo%ef%b8%8f\" class=\"load-shop-ajax\"> UZZO\u00ae\ufe0f<\/a><\/li><\/ul><\/div>\t<\/div>\r\n\t\t\t\t\t<\/div>\n\t\t\t\t<\/div>\n\t\t\t\t<div class=\"elementor-element elementor-element-290dcd2 elementor-widget elementor-widget-bzotech-products-global\" data-id=\"290dcd2\" data-element_type=\"widget\" data-e-type=\"widget\" data-widget_type=\"bzotech-products-global.default\">\n\t\t\t\t<div class=\"elementor-widget-container\">\n\t\t\t\t\t<div data-column-grid=\"\" class=\"elbzotech-products-wrap js-content-wrap product-grid-view  filter-  shop-grid-product-item-\" data-column=\"5\" data-column-widescreen=\"\" data-column-laptop=\"\" data-column-tablet-extra=\"3\" data-column-tablet=\"\" data-column-mobile-extra=\"\" data-column-mobile=\"2\">        <div class=\"js-content-main list-product-wrap bzotech-row\">    \t \r\n<div class=\"list-col-item item-grid-product- list-5-item list--item-widescreen list--item-laptop  list-3-item-tablet-extra list--item-tablet list--item-mobile-extra list-2-item-mobile\">\t<div class=\"item-product\">\t\t\t\t\t\t\t<div class=\"product-thumb attribute-close product\">\r\n\t\t\t\t<!-- bzotech_woocommerce_thumbnail_loop have $size and $animation -->\r\n\t\t\t\t\t\t\t\t<a href=\"https:\/\/uzzo.com.tr\/en\/product\/uzzo%ef%b8%8f\/\" class=\"product-thumb-link rotate-thumb\">\n                    <img fetchpriority=\"high\" decoding=\"async\" width=\"600\" height=\"600\" src=\"https:\/\/uzzo.com.tr\/wp-content\/uploads\/2026\/04\/\/WhatsApp-Image-2026-04-06-at-11.07.10-1-600x600.jpeg\" class=\"attachment-600x600 size-600x600 wp-post-image\" alt=\"\" \/>\n                    <img decoding=\"async\" width=\"600\" height=\"600\" src=\"https:\/\/uzzo.com.tr\/wp-content\/uploads\/2026\/04\/\/3-600x600.png\" class=\"image-hover\" alt=\"\" \/>\n                <\/a>\t\t\t\t\t\t\t\t<div class=\"product-extra-link flex-wrapper justify_content-space-between product\">\r\n\t\t\t\t\t<input type=\"hidden\" name=\"product-popup-content-ajax-nonce\" class=\"product-popup-content-ajax-nonce\" value=\"e978ac7a08\" \/>\n        <a title=\"Quick View\" data-product-id=\"746\" href=\"https:\/\/uzzo.com.tr\/en\/product\/uzzo%ef%b8%8f\/\" class=\"product-quick-view quickview-link\"><i class=\"las la-eye\"><\/i><\/a>\t\t\t\t\t<div class=\"bzo-custom-wishlist yith-add-to-wishlist-button-block\" data-product-id=\"746\" data-attributes=\"{&quot;kind&quot;:&quot;button&quot;}\"><\/div>\t\t\t\t\t\t<a title=\"Kar\u015f\u0131la\u015ft\u0131r\" data-toggle=\"tooltip\" data-placement=\"top\"\t\thref=\"https:\/\/uzzo.com.tr\/en\/?action=yith-woocompare-add-product&#038;id=746\"\r\n\t\tclass=\"compare    product-compare compare compare-link\"\r\n\t\tdata-product_id=\"746\"\r\n\t\ttarget=\"_self\"\r\n\t\trel=\"nofollow\"\r\n\t>\r\n\t\t\t\t<i class=\"las la-exchange-alt\"><\/i>\t\t<span>Kar\u015f\u0131la\u015ft\u0131r<\/span>\t<\/a>\r\n\t\t\t\t<\/div>\t\r\n\t\t\t\t\t\t\t\t\t<div class=\"action-buttons\">\r\n\t\t\t\t\t\t<input type=\"hidden\" name=\"addtocart-ajax-nonce\" class=\"addtocart-ajax-nonce\" value=\"56a809e1d0\" \/><a href=\"\/en\/wp-json\/wp\/v2\/pages\/5358?add-to-cart=746\" rel=\"nofollow\" data-toggle=\"tooltip\" data-placement=\"top\" data-product_id=\"746\" data-product_sku=\"PRO-00001-3\" data-quantity=\"1\" class=\"addcart-link case-cart-default addcart-link-style5 product_type_simple add_to_cart_button bzotech_ajax_add_to_cart product_type_simple\" data-title=\"Add to cart\" data-no-translation-data-title=\"\"><span data-no-translation=\"\" data-trp-gettext=\"\">Add to cart<\/span><\/a>\t\t\t\t\t<\/div>\r\n\t\t\t\t\t\t\t\t\t\t\t\t\t\t\t\r\n\t\t\t<\/div>\r\n\t\t\t\t<div class=\"product-info\">\r\n\t\t\t<div class=\"product-category-single-top\"><a href=\"https:\/\/uzzo.com.tr\/en\/product-category\/uzzo%ef%b8%8f\/\" rel=\"tag\">UZZO\u00ae\ufe0f<\/a><\/div>\t\t\t\t\t\r\n\t\t\t\t\t\t\t<h3 class=\"title15 product-title font-medium\">\r\n\t\t\t\t\t<a class=\"color-title\" title=\"UZZO\u00ae\ufe0f\" href=\"https:\/\/uzzo.com.tr\/en\/product\/uzzo%ef%b8%8f\/\">UZZO\u00ae\ufe0f<\/a>\r\n\t\t\t\t<\/h3>\r\n\t\t\t\t\t\t\t\t\t\r\n\t\t\t<div class=\"flex-wrapper justify_content-space-between\">\r\n\t\t\t\t<div class=\"title-rating js-product-attr\">\r\n\t\t\t\t\t<div class=\"product-price price\"><span class=\"woocs_price_code\" data-currency=\"\" data-redraw-id=\"69e3b4b4930cb\"  data-product-id=\"746\"><span class=\"woocommerce-Price-amount amount\"><bdi>1,699.00<span class=\"woocommerce-Price-currencySymbol\">&#36;<\/span><\/bdi><\/span><\/span><\/div>\t\t\t\t<\/div>\r\n\t\t\t\t\t\r\n\t\t\t<\/div>\r\n\t\t\t<ul class=\"wrap-rating list-inline-block\">\n                        <li>\n                            <div class=\"product-rate\">\n                                <div class=\"product-rating\" style=\"width:100%\"><\/div>\n                            <\/div><div class=\"star-by-number\">5<\/div>\n                        <\/li><\/ul>\t\t\t\t\t\t\t\t<\/div>\t\t\r\n\t\t\t<a title=\"Kar\u015f\u0131la\u015ft\u0131r\" data-toggle=\"tooltip\" data-placement=\"top\"\t\thref=\"https:\/\/uzzo.com.tr\/en\/?action=yith-woocompare-add-product&#038;id=746\"\r\n\t\tclass=\"compare    product-compare compare compare-link\"\r\n\t\tdata-product_id=\"746\"\r\n\t\ttarget=\"_self\"\r\n\t\trel=\"nofollow\"\r\n\t>\r\n\t\t\t\t<i class=\"las la-exchange-alt\"><\/i>\t\t<span>Kar\u015f\u0131la\u015ft\u0131r<\/span>\t<\/a>\r\n<\/div><\/div>\t<\/div>\r\n\t<\/div>\t\t\t\t<\/div>\n\t\t\t\t<\/div>\n\t\t\t\t<\/div>\n\t\t\t\t\t<\/div>\n\t\t\t\t<\/div>\n\t\t\t\t<\/div>","protected":false},"excerpt":{"rendered":"<p>Home Shop Sort by Default sorting Default sorting Sort by popularity Sort by average rating Sort by latest Sort by price: low to high Sort by price: high to low Show 20 912152024 Show filters Package size 100 &#8211; 250MG 250 &#8211; 700MG 700 &#8211; 1KG Brands Biofuel Biowellness Fitfusion Nutriboost Nutricore Nutrielite Nutrimax Nutrirevive [&hellip;]<\/p>\n","protected":false},"author":1,"featured_media":0,"parent":0,"menu_order":0,"comment_status":"closed","ping_status":"closed","template":"elementor-template.php","meta":{"footnotes":""},"class_list":["post-5358","page","type-page","status-publish","hentry"],"_links":{"self":[{"href":"https:\/\/uzzo.com.tr\/en\/wp-json\/wp\/v2\/pages\/5358","targetHints":{"allow":["GET"]}}],"collection":[{"href":"https:\/\/uzzo.com.tr\/en\/wp-json\/wp\/v2\/pages"}],"about":[{"href":"https:\/\/uzzo.com.tr\/en\/wp-json\/wp\/v2\/types\/page"}],"author":[{"embeddable":true,"href":"https:\/\/uzzo.com.tr\/en\/wp-json\/wp\/v2\/users\/1"}],"replies":[{"embeddable":true,"href":"https:\/\/uzzo.com.tr\/en\/wp-json\/wp\/v2\/comments?post=5358"}],"version-history":[{"count":1,"href":"https:\/\/uzzo.com.tr\/en\/wp-json\/wp\/v2\/pages\/5358\/revisions"}],"predecessor-version":[{"id":12310,"href":"https:\/\/uzzo.com.tr\/en\/wp-json\/wp\/v2\/pages\/5358\/revisions\/12310"}],"wp:attachment":[{"href":"https:\/\/uzzo.com.tr\/en\/wp-json\/wp\/v2\/media?parent=5358"}],"curies":[{"name":"wp","href":"https:\/\/api.w.org\/{rel}","templated":true}]}}