{"id":60,"date":"2024-07-22T03:26:10","date_gmt":"2024-07-22T03:26:10","guid":{"rendered":"http:\/\/bw_fitrush.bzotech.com\/?page_id=60"},"modified":"2026-04-10T06:10:41","modified_gmt":"2026-04-10T06:10:41","slug":"anasayfa","status":"publish","type":"page","link":"https:\/\/uzzo.com.tr\/en\/","title":{"rendered":"Anasayfa"},"content":{"rendered":"\t\t<div data-elementor-type=\"wp-page\" data-elementor-id=\"60\" class=\"elementor elementor-60\">\n\t\t\t\t<div class=\"elementor-element elementor-element-16769c6 e-flex e-con-boxed e-con e-parent\" data-id=\"16769c6\" data-element_type=\"container\" data-e-type=\"container\" data-settings=\"{&quot;background_background&quot;:&quot;classic&quot;}\">\n\t\t\t\t\t<div class=\"e-con-inner\">\n\t\t<div class=\"elementor-element elementor-element-bb6be32 e-con-full e-flex e-con e-child\" data-id=\"bb6be32\" data-element_type=\"container\" data-e-type=\"container\">\n\t\t\t\t<div class=\"elementor-element elementor-element-63ec777 icon-min-w elementor-widget elementor-widget-bzotech-list-link-global\" data-id=\"63ec777\" data-element_type=\"widget\" data-e-type=\"widget\" data-widget_type=\"bzotech-list-link-global.default\">\n\t\t\t\t<div class=\"elementor-widget-container\">\n\t\t\t\t\t\t<div class=\"elbzotech-list-link-global-inline elbzotech-list-link-global \">\r\n\t\t\t\t\t<a class=\"item-link icon-position-left icon-check-yes elementor-repeater-item-89bbee3   \">\r\n\r\n\t\t\t\t<span class=\"icon-image-link\"><img alt=\"svg\" src =\"https:\/\/fitrush.bzotech.com\/wp-content\/uploads\/2024\/08\/vector-svg.svg\"><\/span><span class=\"title\">UZZO - Sa\u011fl\u0131k Bakanl\u0131\u011f\u0131 Onay Numaram\u0131z025463-19.12.2025 <\/span>\t\t\t<\/a>\r\n\t\t\t\t\t\t\t<\/div>\r\n\t\t\t\t\t<\/div>\n\t\t\t\t<\/div>\n\t\t\t\t<div class=\"elementor-element elementor-element-0cbd2d7 elementor-widget elementor-widget-bzotech-button-global\" data-id=\"0cbd2d7\" data-element_type=\"widget\" data-e-type=\"widget\" data-widget_type=\"bzotech-button-global.default\">\n\t\t\t\t<div class=\"elementor-widget-container\">\n\t\t\t\t\t<div class=\"button-wrap-global\" >\r\n    <a class=\"button-inner  icon-off elbzotech-bt-global-style4  elementor-animation- btn-flex-e image_hover-\" rel=\"nofollow\" role=\"button\" >\r\n    \t\r\n                \r\n        \t<span class=\"text-button\">info@uzzo.com.tr<\/span>    \t\r\n                          \r\n    <\/a>\r\n<\/div>\t\t\t\t<\/div>\n\t\t\t\t<\/div>\n\t\t\t\t<\/div>\n\t\t\t\t\t<\/div>\n\t\t\t\t<\/div>\n\t\t<div class=\"elementor-element elementor-element-6d757f10 e-con-full e-flex e-con e-parent\" data-id=\"6d757f10\" data-element_type=\"container\" data-e-type=\"container\">\n\t\t<div class=\"elementor-element elementor-element-719ddd88 e-con-full e-flex e-con e-child\" data-id=\"719ddd88\" data-element_type=\"container\" data-e-type=\"container\">\n\t\t\t\t<div class=\"elementor-element elementor-element-3ef6e122 elementor-widget elementor-widget-slider_revolution\" data-id=\"3ef6e122\" data-element_type=\"widget\" data-e-type=\"widget\" data-widget_type=\"slider_revolution.default\">\n\t\t\t\t\t\n\t\t<div class=\"wp-block-themepunch-revslider\">\n\t\t\t\t<p class=\"rs-p-wp-fix\"><\/p>\n\t\t\t\t<sr7-module data-alias=\"slider-home-5-12\" data-id=\"6\" id=\"SR7_6_1\" class=\"rs-ov-hidden\" data-version=\"6.7.40\">\n\t\t\t\t\t<sr7-adjuster><\/sr7-adjuster>\n\t\t\t\t\t<sr7-content>\n\t\t\t\t\t\t<sr7-slide id=\"SR7_6_1-15\" data-key=\"15\">\n\t\t\t\t\t\t\t<sr7-bg id=\"SR7_6_1-15-1\" class=\"sr7-layer\"><noscript><img decoding=\"async\" src=\"https:\/\/uzzo.com.tr\/wp-content\/uploads\/2026\/04\/IMG_4865.png\" alt=\"\" title=\"IMG_4865\"><\/noscript><\/sr7-bg>\n\t\t\t\t\t\t<\/sr7-slide>\n\t\t\t\t\t\t<sr7-slide id=\"SR7_6_1-31\" data-key=\"31\">\n\t\t\t\t\t\t\t<sr7-bg id=\"SR7_6_1-31-1\" class=\"sr7-layer\"><noscript><img decoding=\"async\" src=\"https:\/\/uzzo.com.tr\/wp-content\/uploads\/2026\/04\/IMG_4866.png\" alt=\"\" title=\"IMG_4866\"><\/noscript><\/sr7-bg>\n\t\t\t\t\t\t<\/sr7-slide>\n\t\t\t\t\t\t<sr7-slide id=\"SR7_6_1-28\" data-key=\"28\">\n\t\t\t\t\t\t<\/sr7-slide>\n\t\t\t\t\t<\/sr7-content>\n\t\t\t\t\t<image_lists style=\"display:none\">\n\t\t\t\t\t\t<img data-src=\"\/\/uzzo.com.tr\/wp-content\/uploads\/2026\/04\/IMG_4865.png\" data-libid=\"12371\" data-lib=\"medialibrary\" title=\"IMG_4865\" width=\"0\" height=\"0\" data-dbsrc=\"Ly91enpvLmNvbS50ci93cC1jb250ZW50L3VwbG9hZHMvMjAyNi8wNC9JTUdfNDg2NS5wbmc=\"\/>\n\t\t\t\t\t\t<img data-src=\"\/\/uzzo.com.tr\/wp-content\/uploads\/2024\/08\/slider-sale-9.webp\" data-libid=\"8791\" data-lib=\"medialibrary\" alt=\"slider-sale-9\" title=\"slider-sale-9\" width=\"0\" height=\"0\" data-dbsrc=\"Ly91enpvLmNvbS50ci93cC1jb250ZW50L3VwbG9hZHMvMjAyNC8wOC9zbGlkZXItc2FsZS05LndlYnA=\"\/>\n\t\t\t\t\t\t<img data-src=\"\/\/uzzo.com.tr\/wp-content\/uploads\/2024\/08\/logo-section.png\" data-libid=\"8363\" data-lib=\"medialibrary\" alt=\"logo-section\" title=\"logo-section\" width=\"0\" height=\"0\" data-dbsrc=\"Ly91enpvLmNvbS50ci93cC1jb250ZW50L3VwbG9hZHMvMjAyNC8wOC9sb2dvLXNlY3Rpb24ucG5n\"\/>\n\t\t\t\t\t\t<img loading=\"lazy\" data-src=\"\/\/uzzo.com.tr\/wp-content\/uploads\/2024\/08\/slider-9-2-scaled-1.webp\" data-libid=\"8790\" data-lib=\"medialibrary\" alt=\"slider-9-2\" title=\"slider-9-2\" width=\"0\" height=\"0\" data-dbsrc=\"Ly91enpvLmNvbS50ci93cC1jb250ZW50L3VwbG9hZHMvMjAyNC8wOC9zbGlkZXItOS0yLXNjYWxlZC0xLndlYnA=\"\/>\n\t\t\t\t\t\t<img loading=\"lazy\" data-src=\"\/\/uzzo.com.tr\/wp-content\/uploads\/2026\/04\/IMG_4866.png\" data-libid=\"12372\" data-lib=\"medialibrary\" title=\"IMG_4866\" width=\"0\" height=\"0\" data-dbsrc=\"Ly91enpvLmNvbS50ci93cC1jb250ZW50L3VwbG9hZHMvMjAyNi8wNC9JTUdfNDg2Ni5wbmc=\"\/>\n\t\t\t\t\t<\/image_lists>\n\t\t\t\t<\/sr7-module>\n\t\t\t\t<script>\n\t\t\t\t\tSR7.PMH ??={}; SR7.PMH[\"SR7_6_1\"] = {cn:100,state:false,fn: function() { if (_tpt!==undefined && _tpt.prepareModuleHeight !== undefined) {  _tpt.prepareModuleHeight({id:\"SR7_6_1\",el:[700,700,700,640,550],type:'standard',shdw:'0',gh:[700,700,700,640,550],gw:[1570,1570,1024,778,480],vpt:['-100px&#039;,&#039;-100px&#039;,&#039;-100px&#039;,&#039;-100px&#039;,&#039;-100px'],size:{fullWidth:false, fullHeight:false},mh:'0',onh:0,onw:0,bg:{color:'{\"orig\":\"transparent\",\"type\":\"solid\",\"string\":\"transparent\"}'},plType:'8',plColor:'#f80404'});   SR7.PMH[\"SR7_6_1\"].state=true;} else if(SR7.PMH[\"SR7_6_1\"].cn-->0)\tsetTimeout( SR7.PMH[\"SR7_6_1\"].fn,19);}};SR7.PMH[\"SR7_6_1\" ].fn();\n\t\t\t\t<\/script>\n<\/div>\n\n\t\t\t\t\t\t<\/div>\n\t\t\t\t<\/div>\n\t\t\t\t<\/div>\n\t\t<div class=\"elementor-element elementor-element-931dfed e-flex e-con-boxed e-con e-parent\" data-id=\"931dfed\" data-element_type=\"container\" data-e-type=\"container\">\n\t\t\t\t\t<div class=\"e-con-inner\">\n\t\t\t\t<div class=\"elementor-element elementor-element-897128e elementor-widget elementor-widget-spacer\" data-id=\"897128e\" data-element_type=\"widget\" data-e-type=\"widget\" data-widget_type=\"spacer.default\">\n\t\t\t\t\t\t\t<div class=\"elementor-spacer\">\n\t\t\t<div class=\"elementor-spacer-inner\"><\/div>\n\t\t<\/div>\n\t\t\t\t\t\t<\/div>\n\t\t\t\t\t<\/div>\n\t\t\t\t<\/div>\n\t\t<div class=\"elementor-element elementor-element-8eeaa3a e-flex e-con-boxed e-con e-parent\" data-id=\"8eeaa3a\" data-element_type=\"container\" data-e-type=\"container\">\n\t\t\t\t\t<div class=\"e-con-inner\">\n\t\t<div class=\"elementor-element elementor-element-1558e40 e-con-full e-flex e-con e-child\" data-id=\"1558e40\" data-element_type=\"container\" data-e-type=\"container\">\n\t\t\t\t<div class=\"elementor-element elementor-element-862afff elementor-widget elementor-widget-bzotech-heading-global\" data-id=\"862afff\" data-element_type=\"widget\" data-e-type=\"widget\" data-widget_type=\"bzotech-heading-global.default\">\n\t\t\t\t<div class=\"elementor-widget-container\">\n\t\t\t\t\t<h2 class=\"  container-flex-e elbzotech-heading-global font-title text-css-e font-semibold  title48 color-title elbzotech-heading-global-style1\">\u201cUZZO\u00ae\ufe0f \u2013 Her An\u0131nda Yan\u0131nda, Enerjini ve Odaklanman\u0131 Zirveye Ta\u015f\u0131yan Takviyen\u201d<span class=\"type-title_shadow\"><\/span><\/h2>\t\t\t\t<\/div>\n\t\t\t\t<\/div>\n\t\t\t\t<div class=\"elementor-element elementor-element-8c983fd elementor-widget elementor-widget-bzotech-heading-global\" data-id=\"8c983fd\" data-element_type=\"widget\" data-e-type=\"widget\" data-widget_type=\"bzotech-heading-global.default\">\n\t\t\t\t<div class=\"elementor-widget-container\">\n\t\t\t\t\t<div class=\"elbzotech-text-editor-global text-css-e \"><p data-start=\"219\" data-end=\"604\">UZZO\u00ae\ufe0f, aktif ya\u015fam\u0131 benimseyen ve performans\u0131n\u0131 her g\u00fcn ileri ta\u015f\u0131mak isteyenler i\u00e7in \u00f6zel olarak geli\u015ftirilmi\u015f bir destek \u00fcr\u00fcn\u00fcd\u00fcr. Lepidyum Ekstresi, Kafein, Kore Ginsengi ile vitamin ve mineraller i\u00e7eren form\u00fcl\u00fc, hem spor \u00f6ncesi hem de g\u00fcn i\u00e7inde enerji, odak ve dayan\u0131kl\u0131l\u0131\u011f\u0131n\u0131z\u0131 destekler. Bilimsel i\u00e7erik ve kalite ile tasarlanan UZZO\u00ae\ufe0f, sizi s\u0131n\u0131rlar\u0131n\u0131z\u0131 zorlamaya haz\u0131rlar.<\/p><\/div>\t\t\t\t<\/div>\n\t\t\t\t<\/div>\n\t\t<div class=\"elementor-element elementor-element-28bcddb e-con-full e-flex e-con e-child\" data-id=\"28bcddb\" data-element_type=\"container\" data-e-type=\"container\">\n\t\t\t\t<div class=\"elementor-element elementor-element-16389d2 elementor-widget__width-initial elementor-widget-mobile__width-inherit elementor-widget elementor-widget-bzotech_info_box_global\" data-id=\"16389d2\" data-element_type=\"widget\" data-e-type=\"widget\" data-widget_type=\"bzotech_info_box_global.default\">\n\t\t\t\t<div class=\"elementor-widget-container\">\n\t\t\t\t\t<div class=\"flex-wrapper container-flex-e bzoteche-info-box-global- item-info-box-global\">\r\n\t<div class=\"info-box-icon item-image-icon-e  elementor-animation-\"><a ><img loading=\"lazy\" decoding=\"async\" width=\"99\" height=\"99\" src=\"https:\/\/uzzo.com.tr\/wp-content\/uploads\/2024\/07\/icon-box-1-1.webp\" class=\"attachment-full size-full wp-image-865\" alt=\"\" \/><\/a><\/div><div class = \"list-text-info flex-wrapper info-container-flex-e\">        <h2  class=\"list-text-info__item  elementor-repeater-item-4a0d09e\">Odak & Konsantrasyon<\/h2><p  class=\"list-text-info__item  elementor-repeater-item-7cb8cc3\">Zihinsel performans\u0131n\u0131 destekleyerek antrenmanlarda ve g\u00fcnl\u00fck ya\u015famda daha iyi odaklanman\u0131 sa\u011flar.<\/p><\/div><\/div>\t\t\t\t<\/div>\n\t\t\t\t<\/div>\n\t\t\t\t<div class=\"elementor-element elementor-element-22d8966 elementor-widget__width-initial elementor-widget-mobile__width-inherit elementor-widget elementor-widget-bzotech_info_box_global\" data-id=\"22d8966\" data-element_type=\"widget\" data-e-type=\"widget\" data-widget_type=\"bzotech_info_box_global.default\">\n\t\t\t\t<div class=\"elementor-widget-container\">\n\t\t\t\t\t<div class=\"flex-wrapper container-flex-e bzoteche-info-box-global- item-info-box-global\">\r\n\t<div class=\"info-box-icon item-image-icon-e  elementor-animation-\"><a ><img loading=\"lazy\" decoding=\"async\" width=\"96\" height=\"97\" src=\"https:\/\/uzzo.com.tr\/wp-content\/uploads\/2024\/07\/icon-box-2-1.webp\" class=\"attachment-full size-full wp-image-866\" alt=\"\" \/><\/a><\/div><div class = \"list-text-info flex-wrapper info-container-flex-e\">        <h2  class=\"list-text-info__item  elementor-repeater-item-4a0d09e\">Enerji Deste\u011fi<\/h2><p  class=\"list-text-info__item  elementor-repeater-item-7cb8cc3\">G\u00fcn boyu ihtiya\u00e7 duydu\u011fun enerjiyi destekleyerek daha aktif ve dinamik kalmana yard\u0131mc\u0131 olur.<\/p><\/div><\/div>\t\t\t\t<\/div>\n\t\t\t\t<\/div>\n\t\t\t\t<div class=\"elementor-element elementor-element-c5aa3b9 elementor-widget__width-initial elementor-widget-mobile__width-inherit elementor-widget elementor-widget-bzotech_info_box_global\" data-id=\"c5aa3b9\" data-element_type=\"widget\" data-e-type=\"widget\" data-widget_type=\"bzotech_info_box_global.default\">\n\t\t\t\t<div class=\"elementor-widget-container\">\n\t\t\t\t\t<div class=\"flex-wrapper container-flex-e bzoteche-info-box-global- item-info-box-global\">\r\n\t<div class=\"info-box-icon item-image-icon-e  elementor-animation-\"><a ><img loading=\"lazy\" decoding=\"async\" width=\"48\" height=\"48\" src=\"https:\/\/uzzo.com.tr\/wp-content\/uploads\/2024\/08\/icon-about.png\" class=\"attachment-full size-full wp-image-7506\" alt=\"\" \/><\/a><\/div><div class = \"list-text-info flex-wrapper info-container-flex-e\">        <h2  class=\"list-text-info__item  elementor-repeater-item-4a0d09e\">Performans & Dayan\u0131kl\u0131l\u0131k<\/h2><p  class=\"list-text-info__item  elementor-repeater-item-7cb8cc3\">Fiziksel performans\u0131n\u0131 desteklemeye yard\u0131mc\u0131 olur, daha uzun ve verimli antrenmanlar i\u00e7in katk\u0131 sa\u011flar.<\/p><\/div><\/div>\t\t\t\t<\/div>\n\t\t\t\t<\/div>\n\t\t\t\t<\/div>\n\t\t\t\t<\/div>\n\t\t\t\t\t<\/div>\n\t\t\t\t<\/div>\n\t\t<div class=\"elementor-element elementor-element-73ef1e6 e-flex e-con-boxed e-con e-parent\" data-id=\"73ef1e6\" data-element_type=\"container\" data-e-type=\"container\">\n\t\t\t\t\t<div class=\"e-con-inner\">\n\t\t<div class=\"elementor-element elementor-element-0346396 e-con-full e-flex e-con e-child\" data-id=\"0346396\" data-element_type=\"container\" data-e-type=\"container\">\n\t\t\t\t<div class=\"elementor-element elementor-element-1d1644f elementor-widget elementor-widget-bzotech-banner-info-global\" data-id=\"1d1644f\" data-element_type=\"widget\" data-e-type=\"widget\" data-widget_type=\"bzotech-banner-info-global.default\">\n\t\t\t\t<div class=\"elementor-widget-container\">\n\t\t\t\t\t<div class=\"elbzotech-banner-info-global-wrap elbzotech-banner-info-global-elbzotech-bndf zoom-image elbzotech-hidden wrap-flex-e-elbzotech-info-inner\" >\r\n\t\t\t<div class=\"elbzotech-banner-info-global-thumb zoom-image elbzotech-hidden\" >\r\n\t\t\t<a class=\"adv-thumb-link  elementor-animation-\" rel=\"nofollow\" role=\"button\" >\r\n\t\t\t\t\t\t\t\t\t\t\t\t<img loading=\"lazy\" decoding=\"async\" width=\"1536\" height=\"1024\" src=\"https:\/\/uzzo.com.tr\/wp-content\/uploads\/2026\/04\/WhatsApp-Image-2026-04-06-at-11.09.29.jpeg\" class=\"attachment-full size-full wp-image-12347\" alt=\"\" srcset=\"https:\/\/uzzo.com.tr\/wp-content\/uploads\/2026\/04\/WhatsApp-Image-2026-04-06-at-11.09.29.jpeg 1536w, https:\/\/uzzo.com.tr\/wp-content\/uploads\/2026\/04\/WhatsApp-Image-2026-04-06-at-11.09.29-300x200.jpeg 300w, https:\/\/uzzo.com.tr\/wp-content\/uploads\/2026\/04\/WhatsApp-Image-2026-04-06-at-11.09.29-1024x683.jpeg 1024w, https:\/\/uzzo.com.tr\/wp-content\/uploads\/2026\/04\/WhatsApp-Image-2026-04-06-at-11.09.29-768x512.jpeg 768w, https:\/\/uzzo.com.tr\/wp-content\/uploads\/2026\/04\/WhatsApp-Image-2026-04-06-at-11.09.29-600x400.jpeg 600w\" sizes=\"(max-width: 1536px) 100vw, 1536px\" \/>\t\t\t\t\t\t\t<\/a>\r\n\t\t<\/div>\r\n\t<\/div>\t\t\t\t<\/div>\n\t\t\t\t<\/div>\n\t\t\t\t<\/div>\n\t\t<div class=\"elementor-element elementor-element-681f059 e-con-full e-flex e-con e-child\" data-id=\"681f059\" data-element_type=\"container\" data-e-type=\"container\">\n\t\t\t\t<div class=\"elementor-element elementor-element-15d8f18 elementor-widget elementor-widget-bzotech-heading-global\" data-id=\"15d8f18\" data-element_type=\"widget\" data-e-type=\"widget\" data-widget_type=\"bzotech-heading-global.default\">\n\t\t\t\t<div class=\"elementor-widget-container\">\n\t\t\t\t\t<h2 class=\"  container-flex-e elbzotech-heading-global font-title text-css-e font-semibold  title48 color-title elbzotech-heading-global-style1\">Antrenmanda s\u0131n\u0131rlar\u0131n\u0131 zorla. \ud83d\udcaa<span class=\"type-title_shadow\"><\/span><\/h2>\t\t\t\t<\/div>\n\t\t\t\t<\/div>\n\t\t\t\t<div class=\"elementor-element elementor-element-2486c6e elementor-widget elementor-widget-bzotech-heading-global\" data-id=\"2486c6e\" data-element_type=\"widget\" data-e-type=\"widget\" data-widget_type=\"bzotech-heading-global.default\">\n\t\t\t\t<div class=\"elementor-widget-container\">\n\t\t\t\t\t<h2 class=\"  container-flex-e elbzotech-heading-global font-title text-css-e font-semibold  title48 color-title elbzotech-heading-global-style1\">UZZO\u00ae\ufe0f ile odaklanman\u0131 ve performans\u0131n\u0131 destekle.  \n<span class=\"type-title_shadow\"><\/span><\/h2>\t\t\t\t<\/div>\n\t\t\t\t<\/div>\n\t\t\t\t<div class=\"elementor-element elementor-element-f6a80fd elementor-widget elementor-widget-bzotech-list-link-global\" data-id=\"f6a80fd\" data-element_type=\"widget\" data-e-type=\"widget\" data-widget_type=\"bzotech-list-link-global.default\">\n\t\t\t\t<div class=\"elementor-widget-container\">\n\t\t\t\t\t\t<div class=\"elbzotech-list-link-global-block elbzotech-list-link-global \">\r\n\t\t\t\t\t<a class=\"item-link icon-position-left icon-check-yes elementor-repeater-item-d1592e9  e-font-title \">\r\n\r\n\t\t\t\t<i class=\"icon icon-checked\"><\/i><span class=\"title\"> Lepidyum Ekstresi  <\/span>\t\t\t<\/a>\r\n\t\t\t\t\t\t\t\t\t<a class=\"item-link icon-position-left icon-check-yes elementor-repeater-item-0dabb4b  e-font-title \">\r\n\r\n\t\t\t\t<i class=\"icon icon-checked\"><\/i><span class=\"title\">Kafein  <\/span>\t\t\t<\/a>\r\n\t\t\t\t\t\t\t\t\t<a class=\"item-link icon-position-left icon-check-yes elementor-repeater-item-b4a22dc  e-font-title \">\r\n\r\n\t\t\t\t<i class=\"icon icon-checked\"><\/i><span class=\"title\">Kore Ginsengi  <\/span>\t\t\t<\/a>\r\n\t\t\t\t\t\t\t\t\t<a class=\"item-link icon-position-left icon-check-yes elementor-repeater-item-0174024  e-font-title \">\r\n\r\n\t\t\t\t<i class=\"icon icon-checked\"><\/i><span class=\"title\">Vitamin & Mineral deste\u011fi <\/span>\t\t\t<\/a>\r\n\t\t\t\t\t\t\t<\/div>\r\n\t\t\t\t\t<\/div>\n\t\t\t\t<\/div>\n\t\t\t\t<\/div>\n\t\t\t\t\t<\/div>\n\t\t\t\t<\/div>\n\t\t<div class=\"elementor-element elementor-element-c0963f9 e-flex e-con-boxed e-con e-parent\" data-id=\"c0963f9\" data-element_type=\"container\" data-e-type=\"container\">\n\t\t\t\t\t<div class=\"e-con-inner\">\n\t\t<div class=\"elementor-element elementor-element-b8504db e-con-full e-flex e-con e-child\" data-id=\"b8504db\" data-element_type=\"container\" data-e-type=\"container\">\n\t\t\t\t<div class=\"elementor-element elementor-element-6e66682 elementor-widget elementor-widget-bzotech-heading-global\" data-id=\"6e66682\" data-element_type=\"widget\" data-e-type=\"widget\" data-widget_type=\"bzotech-heading-global.default\">\n\t\t\t\t<div class=\"elementor-widget-container\">\n\t\t\t\t\t<h2 class=\"  container-flex-e elbzotech-heading-global font-title text-css-e font-semibold  title48 color-title elbzotech-heading-global-style1\">G\u00fc\u00e7, Odak ve Dayan\u0131kl\u0131l\u0131k Tek Form\u00fclde<span class=\"type-title_shadow\"><\/span><\/h2>\t\t\t\t<\/div>\n\t\t\t\t<\/div>\n\t\t\t\t<\/div>\n\t\t<div class=\"elementor-element elementor-element-2b6023f e-con-full e-flex e-con e-child\" data-id=\"2b6023f\" data-element_type=\"container\" data-e-type=\"container\">\n\t\t<div class=\"elementor-element elementor-element-83c9318 e-con-full e-flex e-con e-child\" data-id=\"83c9318\" data-element_type=\"container\" data-e-type=\"container\">\n\t\t\t\t<div class=\"elementor-element elementor-element-0017955 elementor-widget elementor-widget-bzotech-banner-info-global\" data-id=\"0017955\" data-element_type=\"widget\" data-e-type=\"widget\" data-widget_type=\"bzotech-banner-info-global.default\">\n\t\t\t\t<div class=\"elementor-widget-container\">\n\t\t\t\t\t<div class=\"elbzotech-banner-info-global-wrap elbzotech-banner-info-global-elbzotech-bndf zoom-image elbzotech-hidden wrap-flex-e-elbzotech-info-inner\" >\r\n\t\t\t<div class=\"elbzotech-banner-info-global-thumb zoom-image elbzotech-hidden\" >\r\n\t\t\t<a class=\"adv-thumb-link  elementor-animation-\" rel=\"nofollow\" role=\"button\" >\r\n\t\t\t\t\t\t\t\t\t\t\t\t<img loading=\"lazy\" decoding=\"async\" width=\"1080\" height=\"1440\" src=\"https:\/\/uzzo.com.tr\/wp-content\/uploads\/2026\/04\/2.png\" class=\"attachment-full size-full wp-image-12318\" alt=\"\" srcset=\"https:\/\/uzzo.com.tr\/wp-content\/uploads\/2026\/04\/2.png 1080w, https:\/\/uzzo.com.tr\/wp-content\/uploads\/2026\/04\/2-225x300.png 225w, https:\/\/uzzo.com.tr\/wp-content\/uploads\/2026\/04\/2-768x1024.png 768w, https:\/\/uzzo.com.tr\/wp-content\/uploads\/2026\/04\/2-600x800.png 600w\" sizes=\"(max-width: 1080px) 100vw, 1080px\" \/>\t\t\t\t\t\t\t<\/a>\r\n\t\t<\/div>\r\n\t<\/div>\t\t\t\t<\/div>\n\t\t\t\t<\/div>\n\t\t\t\t<\/div>\n\t\t<div class=\"elementor-element elementor-element-fd4e50f e-con-full e-flex e-con e-child\" data-id=\"fd4e50f\" data-element_type=\"container\" data-e-type=\"container\">\n\t\t\t\t<div class=\"elementor-element elementor-element-d96fd84 elementor-widget elementor-widget-bzotech-banner-info-global\" data-id=\"d96fd84\" data-element_type=\"widget\" data-e-type=\"widget\" data-widget_type=\"bzotech-banner-info-global.default\">\n\t\t\t\t<div class=\"elementor-widget-container\">\n\t\t\t\t\t<div class=\"elbzotech-banner-info-global-wrap elbzotech-banner-info-global-elbzotech-bndf zoom-image elbzotech-hidden wrap-flex-e-elbzotech-info-inner\" >\r\n\t\t\t<div class=\"elbzotech-banner-info-global-thumb zoom-image elbzotech-hidden\" >\r\n\t\t\t<a class=\"adv-thumb-link  elementor-animation-\" rel=\"nofollow\" role=\"button\" >\r\n\t\t\t\t\t\t\t\t\t\t\t\t<img loading=\"lazy\" decoding=\"async\" width=\"1080\" height=\"1440\" src=\"https:\/\/uzzo.com.tr\/wp-content\/uploads\/2026\/04\/Adsiz-tasarim.png\" class=\"attachment-full size-full wp-image-12322\" alt=\"\" srcset=\"https:\/\/uzzo.com.tr\/wp-content\/uploads\/2026\/04\/Adsiz-tasarim.png 1080w, https:\/\/uzzo.com.tr\/wp-content\/uploads\/2026\/04\/Adsiz-tasarim-225x300.png 225w, https:\/\/uzzo.com.tr\/wp-content\/uploads\/2026\/04\/Adsiz-tasarim-768x1024.png 768w, https:\/\/uzzo.com.tr\/wp-content\/uploads\/2026\/04\/Adsiz-tasarim-600x800.png 600w\" sizes=\"(max-width: 1080px) 100vw, 1080px\" \/>\t\t\t\t\t\t\t<\/a>\r\n\t\t<\/div>\r\n\t<\/div>\t\t\t\t<\/div>\n\t\t\t\t<\/div>\n\t\t\t\t<\/div>\n\t\t<div class=\"elementor-element elementor-element-cead13d e-con-full e-flex e-con e-child\" data-id=\"cead13d\" data-element_type=\"container\" data-e-type=\"container\">\n\t\t\t\t<div class=\"elementor-element elementor-element-e224dbe elementor-widget elementor-widget-bzotech-banner-info-global\" data-id=\"e224dbe\" data-element_type=\"widget\" data-e-type=\"widget\" data-widget_type=\"bzotech-banner-info-global.default\">\n\t\t\t\t<div class=\"elementor-widget-container\">\n\t\t\t\t\t<div class=\"elbzotech-banner-info-global-wrap elbzotech-banner-info-global-elbzotech-bndf zoom-image elbzotech-hidden wrap-flex-e-elbzotech-info-inner\" >\r\n\t\t\t<div class=\"elbzotech-banner-info-global-thumb zoom-image elbzotech-hidden\" >\r\n\t\t\t<a class=\"adv-thumb-link  elementor-animation-\" rel=\"nofollow\" role=\"button\" >\r\n\t\t\t\t\t\t\t\t\t\t\t\t<img loading=\"lazy\" decoding=\"async\" width=\"1080\" height=\"1440\" src=\"https:\/\/uzzo.com.tr\/wp-content\/uploads\/2026\/04\/3.png\" class=\"attachment-full size-full wp-image-12319\" alt=\"\" srcset=\"https:\/\/uzzo.com.tr\/wp-content\/uploads\/2026\/04\/3.png 1080w, https:\/\/uzzo.com.tr\/wp-content\/uploads\/2026\/04\/3-225x300.png 225w, https:\/\/uzzo.com.tr\/wp-content\/uploads\/2026\/04\/3-768x1024.png 768w, https:\/\/uzzo.com.tr\/wp-content\/uploads\/2026\/04\/3-600x800.png 600w\" sizes=\"(max-width: 1080px) 100vw, 1080px\" \/>\t\t\t\t\t\t\t<\/a>\r\n\t\t<\/div>\r\n\t<\/div>\t\t\t\t<\/div>\n\t\t\t\t<\/div>\n\t\t\t\t<\/div>\n\t\t\t\t<\/div>\n\t\t\t\t\t<\/div>\n\t\t\t\t<\/div>\n\t\t<div class=\"elementor-element elementor-element-34860b29 e-flex e-con-boxed e-con e-parent\" data-id=\"34860b29\" data-element_type=\"container\" data-e-type=\"container\">\n\t\t\t\t\t<div class=\"e-con-inner\">\n\t\t<div class=\"elementor-element elementor-element-3aff45ae e-con-full e-flex e-con e-child\" data-id=\"3aff45ae\" data-element_type=\"container\" data-e-type=\"container\">\n\t\t\t\t<div class=\"elementor-element elementor-element-43749066 elementor-widget elementor-widget-bzotech-heading-global\" data-id=\"43749066\" data-element_type=\"widget\" data-e-type=\"widget\" data-widget_type=\"bzotech-heading-global.default\">\n\t\t\t\t<div class=\"elementor-widget-container\">\n\t\t\t\t\t<h2 class=\"  container-flex-e elbzotech-heading-global font-title text-css-e font-semibold  title48 color-title elbzotech-heading-global-style1\">Enerjini Bug\u00fcn Ba\u015flat <br>\n<span class=\"main-color\">UZZO\u00ae\ufe0f\u2019y\u0131  <\/span>\nHemen Sipari\u015f Et!<span class=\"type-title_shadow\"><\/span><\/h2>\t\t\t\t<\/div>\n\t\t\t\t<\/div>\n\t\t\t\t<div class=\"elementor-element elementor-element-6395524 elementor-widget elementor-widget-spacer\" data-id=\"6395524\" data-element_type=\"widget\" data-e-type=\"widget\" data-widget_type=\"spacer.default\">\n\t\t\t\t\t\t\t<div class=\"elementor-spacer\">\n\t\t\t<div class=\"elementor-spacer-inner\"><\/div>\n\t\t<\/div>\n\t\t\t\t\t\t<\/div>\n\t\t\t\t<div class=\"elementor-element elementor-element-102f887 elementor-widget elementor-widget-bzotech-button-global\" data-id=\"102f887\" data-element_type=\"widget\" data-e-type=\"widget\" data-widget_type=\"bzotech-button-global.default\">\n\t\t\t\t<div class=\"elementor-widget-container\">\n\t\t\t\t\t<div class=\"button-wrap-global\" >\r\n    <a class=\"button-inner  icon-off elbzotech-bt-global-default  elementor-animation- btn-flex-e image_hover-\" rel=\"nofollow\" role=\"button\" >\r\n    \t\r\n                \r\n        \t<span class=\"text-button\">Sipari\u015f Ver<\/span>    \t\r\n                          \r\n    <\/a>\r\n<\/div>\t\t\t\t<\/div>\n\t\t\t\t<\/div>\n\t\t\t\t<\/div>\n\t\t\t\t\t<\/div>\n\t\t\t\t<\/div>\n\t\t\t\t<\/div>\n\t\t","protected":false},"excerpt":{"rendered":"<p>UZZO &#8211; Sa\u011fl\u0131k Bakanl\u0131\u011f\u0131 Onay Numaram\u0131z025463-19.12.2025 info@uzzo.com.tr \u201cUZZO\u00ae\ufe0f \u2013 Her An\u0131nda Yan\u0131nda, Enerjini ve Odaklanman\u0131 Zirveye Ta\u015f\u0131yan Takviyen\u201d UZZO\u00ae\ufe0f, aktif ya\u015fam\u0131 benimseyen ve performans\u0131n\u0131 her g\u00fcn ileri ta\u015f\u0131mak isteyenler i\u00e7in \u00f6zel olarak geli\u015ftirilmi\u015f bir destek \u00fcr\u00fcn\u00fcd\u00fcr. Lepidyum Ekstresi, Kafein, Kore Ginsengi ile vitamin ve mineraller i\u00e7eren form\u00fcl\u00fc, hem spor \u00f6ncesi hem de g\u00fcn i\u00e7inde enerji, [&hellip;]<\/p>\n","protected":false},"author":1,"featured_media":0,"parent":0,"menu_order":0,"comment_status":"closed","ping_status":"closed","template":"elementor-template.php","meta":{"footnotes":""},"class_list":["post-60","page","type-page","status-publish","hentry"],"_links":{"self":[{"href":"https:\/\/uzzo.com.tr\/en\/wp-json\/wp\/v2\/pages\/60","targetHints":{"allow":["GET"]}}],"collection":[{"href":"https:\/\/uzzo.com.tr\/en\/wp-json\/wp\/v2\/pages"}],"about":[{"href":"https:\/\/uzzo.com.tr\/en\/wp-json\/wp\/v2\/types\/page"}],"author":[{"embeddable":true,"href":"https:\/\/uzzo.com.tr\/en\/wp-json\/wp\/v2\/users\/1"}],"replies":[{"embeddable":true,"href":"https:\/\/uzzo.com.tr\/en\/wp-json\/wp\/v2\/comments?post=60"}],"version-history":[{"count":25,"href":"https:\/\/uzzo.com.tr\/en\/wp-json\/wp\/v2\/pages\/60\/revisions"}],"predecessor-version":[{"id":12422,"href":"https:\/\/uzzo.com.tr\/en\/wp-json\/wp\/v2\/pages\/60\/revisions\/12422"}],"wp:attachment":[{"href":"https:\/\/uzzo.com.tr\/en\/wp-json\/wp\/v2\/media?parent=60"}],"curies":[{"name":"wp","href":"https:\/\/api.w.org\/{rel}","templated":true}]}}