{"id":746,"date":"2024-07-26T05:06:49","date_gmt":"2024-07-26T05:06:49","guid":{"rendered":"https:\/\/fitrush.bzotech.com\/?post_type=product&#038;p=746"},"modified":"2026-04-10T05:54:14","modified_gmt":"2026-04-10T05:54:14","slug":"uzzo%ef%b8%8f","status":"publish","type":"product","link":"https:\/\/uzzo.com.tr\/en\/product\/uzzo%ef%b8%8f\/","title":{"rendered":"UZZO\u00ae\ufe0f"},"content":{"rendered":"<p>Antrenmanda s\u0131n\u0131rlar\u0131n\u0131 zorla. \ud83d\udcaa<\/p>\n<p>UZZO\u00ae\ufe0f ile odaklanman\u0131 ve performans\u0131n\u0131 destekle.<\/p>\n<p>\u2714\ufe0f Lepidyum Ekstresi<br \/>\n\u2714\ufe0f Kafein<br \/>\n\u2714\ufe0f Kore Ginsengi<br \/>\n\u2714\ufe0f Vitamin &amp; Mineral deste\u011fi<\/p>\n<p>Spor \u00f6ncesi veya yo\u011fun g\u00fcnlerinde<br \/>\nenerji ve odak seninle.<\/p>\n<p>\ud83d\udce6 30 tablet<\/p>","protected":false},"excerpt":{"rendered":"<p>UZZO\u00ae\ufe0f ile odaklanman\u0131 ve performans\u0131n\u0131 destekle.<\/p>","protected":false},"featured_media":12348,"comment_status":"open","ping_status":"closed","template":"","meta":[],"product_brand":[],"product_cat":[82],"product_tag":[],"class_list":{"0":"post-746","1":"product","2":"type-product","3":"status-publish","4":"has-post-thumbnail","6":"product_cat-uzzo","8":"first","9":"instock","10":"shipping-taxable","11":"purchasable","12":"product-type-simple"},"_links":{"self":[{"href":"https:\/\/uzzo.com.tr\/en\/wp-json\/wp\/v2\/product\/746","targetHints":{"allow":["GET"]}}],"collection":[{"href":"https:\/\/uzzo.com.tr\/en\/wp-json\/wp\/v2\/product"}],"about":[{"href":"https:\/\/uzzo.com.tr\/en\/wp-json\/wp\/v2\/types\/product"}],"replies":[{"embeddable":true,"href":"https:\/\/uzzo.com.tr\/en\/wp-json\/wp\/v2\/comments?post=746"}],"version-history":[{"count":1,"href":"https:\/\/uzzo.com.tr\/en\/wp-json\/wp\/v2\/product\/746\/revisions"}],"predecessor-version":[{"id":12415,"href":"https:\/\/uzzo.com.tr\/en\/wp-json\/wp\/v2\/product\/746\/revisions\/12415"}],"wp:featuredmedia":[{"embeddable":true,"href":"https:\/\/uzzo.com.tr\/en\/wp-json\/wp\/v2\/media\/12348"}],"wp:attachment":[{"href":"https:\/\/uzzo.com.tr\/en\/wp-json\/wp\/v2\/media?parent=746"}],"wp:term":[{"taxonomy":"product_brand","embeddable":true,"href":"https:\/\/uzzo.com.tr\/en\/wp-json\/wp\/v2\/product_brand?post=746"},{"taxonomy":"product_cat","embeddable":true,"href":"https:\/\/uzzo.com.tr\/en\/wp-json\/wp\/v2\/product_cat?post=746"},{"taxonomy":"product_tag","embeddable":true,"href":"https:\/\/uzzo.com.tr\/en\/wp-json\/wp\/v2\/product_tag?post=746"}],"curies":[{"name":"wp","href":"https:\/\/api.w.org\/{rel}","templated":true}]}}